{"id":1364,"date":"2018-06-30T07:44:14","date_gmt":"2018-06-30T07:44:14","guid":{"rendered":"http:\/\/tradicionalnirecepti.net\/?page_id=1364"},"modified":"2023-12-02T08:03:55","modified_gmt":"2023-12-02T08:03:55","slug":"where-you-can-buy-a-book-traditional-serbian-food-and-recipes","status":"publish","type":"page","link":"http:\/\/tradicionalnirecepti.net\/rs\/where-you-can-buy-a-book-traditional-serbian-food-and-recipes\/","title":{"rendered":"Gde kupiti knjigu Tradicionalni recepti doma\u0107e srpske kuhinje?"},"content":{"rendered":"<p><\/p>\n<h2 style=\"text-align: center;\"><strong>Dragi \u010ditaoci, knjiga je RASPRODATA!<\/strong><\/h2>\n<h2 style=\"text-align: center;\">Knjigu MO\u017dDA mo\u017eete prona\u0107i u nekoj od knji\u017eara.<\/h2>\n<h2><\/h2>\n<ol>\n<li>U prodavnici Kulturnog centra Beograda, &#8222;Beogradski izlog&#8220;, Beograd, Knez Mihailova 5<\/li>\n<li>U knji\u017eari Ant, u prostoru Akademije 28, Beograd, Nemanjina 28<\/li>\n<li>U svim knji\u017earama Vulkan, \u0161irom Srbije, kao i online, preko <a href=\"https:\/\/www.knjizare-vulkan.rs\/kulinarstvo\/43684-tradicionalni-recepti-domace-srpske-kuhinje-traditional-serbian-food-and-recipes\">Vulkan sajta<\/a>.<\/li>\n<li>U svim knji\u017earama Delfi, \u0161irom Srbije.<\/li>\n<\/ol>\n<p>&nbsp;<\/p>","protected":false},"excerpt":{"rendered":"<p>Dragi \u010ditaoci, knjiga je RASPRODATA! Knjigu MO\u017dDA mo\u017eete prona\u0107i u nekoj od knji\u017eara. U prodavnici Kulturnog centra Beograda, &#8222;Beogradski izlog&#8220;, Beograd, Knez Mihailova 5 U knji\u017eari Ant, u prostoru Akademije &#8230;<\/p>\n","protected":false},"author":1,"featured_media":0,"parent":0,"menu_order":0,"comment_status":"closed","ping_status":"closed","template":"","meta":{"footnotes":""},"class_list":["post-1364","page","type-page","status-publish","hentry"],"yoast_head":"<!-- This site is optimized with the Yoast SEO plugin v22.1 - https:\/\/yoast.com\/wordpress\/plugins\/seo\/ -->\n<title>(Srpski) Gde kupiti knjigu Tradicionalni recepti doma\u0107e srpske kuhinje? | Tradicionalni recepti doma\u0107e srpske kuhinje<\/title>\n<meta name=\"description\" content=\"(Srpski) Gde kupiti knjigu Tradicionalni recepti doma\u0107e srpske kuhinje? Where you can buy a book Traditional Serbian food and recipes?\" \/>\n<meta name=\"robots\" content=\"index, follow, max-snippet:-1, max-image-preview:large, max-video-preview:-1\" \/>\n<link rel=\"canonical\" href=\"http:\/\/tradicionalnirecepti.net\/where-you-can-buy-a-book-traditional-serbian-food-and-recipes\/\" \/>\n<meta property=\"og:locale\" content=\"sr_RS\" \/>\n<meta property=\"og:type\" content=\"article\" \/>\n<meta property=\"og:title\" content=\"(Srpski) Gde kupiti knjigu Tradicionalni recepti doma\u0107e srpske kuhinje? | Tradicionalni recepti doma\u0107e srpske kuhinje\" \/>\n<meta property=\"og:description\" content=\"(Srpski) Gde kupiti knjigu Tradicionalni recepti doma\u0107e srpske kuhinje? Where you can buy a book Traditional Serbian food and recipes?\" \/>\n<meta property=\"og:url\" content=\"http:\/\/tradicionalnirecepti.net\/where-you-can-buy-a-book-traditional-serbian-food-and-recipes\/\" \/>\n<meta property=\"og:site_name\" content=\"Tradicionalni recepti doma\u0107e srpske kuhinje\" \/>\n<meta property=\"article:modified_time\" content=\"2023-12-02T08:03:55+00:00\" \/>\n<meta name=\"twitter:card\" content=\"summary_large_image\" \/>\n<meta name=\"twitter:label1\" content=\"\u041f\u0440\u043e\u0446\u0435\u045a\u0435\u043d\u043e \u0432\u0440\u0435\u043c\u0435 \u0447\u0438\u0442\u0430\u045a\u0430\" \/>\n\t<meta name=\"twitter:data1\" content=\"3 \u043c\u0438\u043d\u0443\u0442\u0430\" \/>\n<script type=\"application\/ld+json\" class=\"yoast-schema-graph\">{\"@context\":\"https:\/\/schema.org\",\"@graph\":[{\"@type\":\"WebPage\",\"@id\":\"http:\/\/tradicionalnirecepti.net\/where-you-can-buy-a-book-traditional-serbian-food-and-recipes\/\",\"url\":\"http:\/\/tradicionalnirecepti.net\/where-you-can-buy-a-book-traditional-serbian-food-and-recipes\/\",\"name\":\"(Srpski) Gde kupiti knjigu Tradicionalni recepti doma\u0107e srpske kuhinje? | Tradicionalni recepti doma\u0107e srpske kuhinje\",\"isPartOf\":{\"@id\":\"http:\/\/tradicionalnirecepti.net\/#website\"},\"datePublished\":\"2018-06-30T07:44:14+00:00\",\"dateModified\":\"2023-12-02T08:03:55+00:00\",\"description\":\"(Srpski) Gde kupiti knjigu Tradicionalni recepti doma\u0107e srpske kuhinje? Where you can buy a book Traditional Serbian food and recipes?\",\"breadcrumb\":{\"@id\":\"http:\/\/tradicionalnirecepti.net\/where-you-can-buy-a-book-traditional-serbian-food-and-recipes\/#breadcrumb\"},\"inLanguage\":\"sr-RS\",\"potentialAction\":[{\"@type\":\"ReadAction\",\"target\":[\"http:\/\/tradicionalnirecepti.net\/where-you-can-buy-a-book-traditional-serbian-food-and-recipes\/\"]}]},{\"@type\":\"BreadcrumbList\",\"@id\":\"http:\/\/tradicionalnirecepti.net\/where-you-can-buy-a-book-traditional-serbian-food-and-recipes\/#breadcrumb\",\"itemListElement\":[{\"@type\":\"ListItem\",\"position\":1,\"name\":\"Home\",\"item\":\"http:\/\/tradicionalnirecepti.net\/\"},{\"@type\":\"ListItem\",\"position\":2,\"name\":\"Where you can buy a book Traditional Serbian food and recipes?\"}]},{\"@type\":\"WebSite\",\"@id\":\"http:\/\/tradicionalnirecepti.net\/#website\",\"url\":\"http:\/\/tradicionalnirecepti.net\/\",\"name\":\"Tradicionalni recepti doma\u0107e srpske kuhinje\",\"description\":\"Tradicionalni recepti doma\u0107e srpske kuhinje\",\"potentialAction\":[{\"@type\":\"SearchAction\",\"target\":{\"@type\":\"EntryPoint\",\"urlTemplate\":\"http:\/\/tradicionalnirecepti.net\/?s={search_term_string}\"},\"query-input\":\"required name=search_term_string\"}],\"inLanguage\":\"sr-RS\"}]}<\/script>\n<!-- \/ Yoast SEO plugin. -->","yoast_head_json":{"title":"(Srpski) Gde kupiti knjigu Tradicionalni recepti doma\u0107e srpske kuhinje? | Tradicionalni recepti doma\u0107e srpske kuhinje","description":"(Srpski) Gde kupiti knjigu Tradicionalni recepti doma\u0107e srpske kuhinje? Where you can buy a book Traditional Serbian food and recipes?","robots":{"index":"index","follow":"follow","max-snippet":"max-snippet:-1","max-image-preview":"max-image-preview:large","max-video-preview":"max-video-preview:-1"},"canonical":"http:\/\/tradicionalnirecepti.net\/where-you-can-buy-a-book-traditional-serbian-food-and-recipes\/","og_locale":"sr_RS","og_type":"article","og_title":"(Srpski) Gde kupiti knjigu Tradicionalni recepti doma\u0107e srpske kuhinje? | Tradicionalni recepti doma\u0107e srpske kuhinje","og_description":"(Srpski) Gde kupiti knjigu Tradicionalni recepti doma\u0107e srpske kuhinje? Where you can buy a book Traditional Serbian food and recipes?","og_url":"http:\/\/tradicionalnirecepti.net\/where-you-can-buy-a-book-traditional-serbian-food-and-recipes\/","og_site_name":"Tradicionalni recepti doma\u0107e srpske kuhinje","article_modified_time":"2023-12-02T08:03:55+00:00","twitter_card":"summary_large_image","twitter_misc":{"\u041f\u0440\u043e\u0446\u0435\u045a\u0435\u043d\u043e \u0432\u0440\u0435\u043c\u0435 \u0447\u0438\u0442\u0430\u045a\u0430":"3 \u043c\u0438\u043d\u0443\u0442\u0430"},"schema":{"@context":"https:\/\/schema.org","@graph":[{"@type":"WebPage","@id":"http:\/\/tradicionalnirecepti.net\/where-you-can-buy-a-book-traditional-serbian-food-and-recipes\/","url":"http:\/\/tradicionalnirecepti.net\/where-you-can-buy-a-book-traditional-serbian-food-and-recipes\/","name":"(Srpski) Gde kupiti knjigu Tradicionalni recepti doma\u0107e srpske kuhinje? | Tradicionalni recepti doma\u0107e srpske kuhinje","isPartOf":{"@id":"http:\/\/tradicionalnirecepti.net\/#website"},"datePublished":"2018-06-30T07:44:14+00:00","dateModified":"2023-12-02T08:03:55+00:00","description":"(Srpski) Gde kupiti knjigu Tradicionalni recepti doma\u0107e srpske kuhinje? Where you can buy a book Traditional Serbian food and recipes?","breadcrumb":{"@id":"http:\/\/tradicionalnirecepti.net\/where-you-can-buy-a-book-traditional-serbian-food-and-recipes\/#breadcrumb"},"inLanguage":"sr-RS","potentialAction":[{"@type":"ReadAction","target":["http:\/\/tradicionalnirecepti.net\/where-you-can-buy-a-book-traditional-serbian-food-and-recipes\/"]}]},{"@type":"BreadcrumbList","@id":"http:\/\/tradicionalnirecepti.net\/where-you-can-buy-a-book-traditional-serbian-food-and-recipes\/#breadcrumb","itemListElement":[{"@type":"ListItem","position":1,"name":"Home","item":"http:\/\/tradicionalnirecepti.net\/"},{"@type":"ListItem","position":2,"name":"Where you can buy a book Traditional Serbian food and recipes?"}]},{"@type":"WebSite","@id":"http:\/\/tradicionalnirecepti.net\/#website","url":"http:\/\/tradicionalnirecepti.net\/","name":"Tradicionalni recepti doma\u0107e srpske kuhinje","description":"Tradicionalni recepti doma\u0107e srpske kuhinje","potentialAction":[{"@type":"SearchAction","target":{"@type":"EntryPoint","urlTemplate":"http:\/\/tradicionalnirecepti.net\/?s={search_term_string}"},"query-input":"required name=search_term_string"}],"inLanguage":"sr-RS"}]}},"_links":{"self":[{"href":"http:\/\/tradicionalnirecepti.net\/rs\/wp-json\/wp\/v2\/pages\/1364","targetHints":{"allow":["GET"]}}],"collection":[{"href":"http:\/\/tradicionalnirecepti.net\/rs\/wp-json\/wp\/v2\/pages"}],"about":[{"href":"http:\/\/tradicionalnirecepti.net\/rs\/wp-json\/wp\/v2\/types\/page"}],"author":[{"embeddable":true,"href":"http:\/\/tradicionalnirecepti.net\/rs\/wp-json\/wp\/v2\/users\/1"}],"replies":[{"embeddable":true,"href":"http:\/\/tradicionalnirecepti.net\/rs\/wp-json\/wp\/v2\/comments?post=1364"}],"version-history":[{"count":21,"href":"http:\/\/tradicionalnirecepti.net\/rs\/wp-json\/wp\/v2\/pages\/1364\/revisions"}],"predecessor-version":[{"id":1703,"href":"http:\/\/tradicionalnirecepti.net\/rs\/wp-json\/wp\/v2\/pages\/1364\/revisions\/1703"}],"wp:attachment":[{"href":"http:\/\/tradicionalnirecepti.net\/rs\/wp-json\/wp\/v2\/media?parent=1364"}],"curies":[{"name":"wp","href":"https:\/\/api.w.org\/{rel}","templated":true}]}}