{"id":1470,"date":"2018-07-17T07:50:32","date_gmt":"2018-07-17T07:50:32","guid":{"rendered":"http:\/\/tradicionalnirecepti.net\/?page_id=1470"},"modified":"2018-07-18T08:56:13","modified_gmt":"2018-07-18T08:56:13","slug":"review","status":"publish","type":"page","link":"http:\/\/tradicionalnirecepti.net\/rs\/review\/","title":{"rendered":"Recenzija &#8211; Uro\u0161 Uro\u0161evi\u0107, master \u0161ef"},"content":{"rendered":"<p>Na\u0161a zemlja vekovima je bila na meti osvaja\u010da, \u010desto pod okupacijom tu\u0111inskih vladara i kultura, na raskr\u0161\u0107u puteva kojima su prolazili i trgova\u010dki karavani, pa je u amanet dobila neobi\u010dnu me\u0161avinu starogr\u010dke, vizantijske, isto\u010dnja\u010dke, austrougarske, francuske i ruske gastronomske zaostav\u0161tine.<\/p>\n<p>Prema \u0161turim ali ipak dovoljnim podacima, koji su nam danas na raspolaganju, sa sigurno\u0161\u0107u mo\u017eemo da tvrdimo da srpska kuhinja se\u017ee u daleku pro\u0161lost. To nam daje mogu\u0107nost da razmi\u0161ljamo o istoriji srpske gastronomije kao o kontinuiranom procesu, koji je na kraju dao rezultat zvani <em>srpska nacionalna kuhinja<\/em>.<\/p>\n<p>Zbog toga mo\u017eda i postoji toliko nedoumica i me\u0111u profesionalcima, i me\u0111u gra\u0111anima, i me\u0111u turistima \u2012 \u0161ta je zapravo srpska kuhinja: da li ono \u0161to se svakodnevno priprema u doma\u0107instvima ili ono \u0161to je ispisano u receptima i \u0161tampano u raznim knjigama. Tako osmi\u0161ljena, ona postaje temelj ugostiteljske i turisti\u010dke ponude Srbije, svojevrstan brend, koji \u0107e mo\u0107i da se promovi\u0161e.<\/p>\n<p>Autor se potrudio da javnosti u ovoj knjizi predstavi sve rezultate istra\u017eiva\u010dkog rada. Svest da o ishrani srpskog naroda kroz istoriju ne posedujemo mnogo pisanog materijala predstavlja razlog vi\u0161e da se ova tema obra\u0111uje postupno i temeljno.<\/p>\n<p>O ovoj temi autor govori ne samo da bi uvidom u recepte jela na\u0161ih predaka zadovoljio na\u0161u radoznalost i kona\u010dno ih zapisao i popisao, ve\u0107 i zbog toga da bi \u0161to vi\u0161e njih ponovo postalo deo na\u0161e svakodnevne ishrane i ponude restorana i hotela. Posle toliko godina neki specijaliteti ponovo \u0107e, nadam se, zamirisati u na\u0161im kuhinjama.<\/p>\n<p>Uro\u0161 Uro\u0161evi\u0107, master \u0161ef,\u00a0rukovodilac za odnose sa Horeca kupcima, kompanije METRO Cash &amp; Carry<\/p>\n<p><a href=\"http:\/\/tradicionalnirecepti.net\/rs\/where-you-can-buy-a-book-traditional-serbian-food-and-recipes\/\"><img loading=\"lazy\" decoding=\"async\" class=\"aligncenter size-medium wp-image-1510\" src=\"http:\/\/tradicionalnirecepti.net\/wp-content\/uploads\/2018\/07\/Tradicionalni-recepti-domace-srpske-kuhinje-cir-porucite-knjigu-300x135-300x135.jpg\" alt=\"\" width=\"300\" height=\"135\" \/><\/a><\/p>","protected":false},"excerpt":{"rendered":"<p>Na\u0161a zemlja vekovima je bila na meti osvaja\u010da, \u010desto pod okupacijom tu\u0111inskih vladara i kultura, na raskr\u0161\u0107u puteva kojima su prolazili i trgova\u010dki karavani, pa je u amanet dobila neobi\u010dnu &#8230;<\/p>\n","protected":false},"author":1,"featured_media":0,"parent":0,"menu_order":0,"comment_status":"closed","ping_status":"closed","template":"","meta":{"footnotes":""},"class_list":["post-1470","page","type-page","status-publish","hentry"],"yoast_head":"<!-- This site is optimized with the Yoast SEO plugin v22.1 - https:\/\/yoast.com\/wordpress\/plugins\/seo\/ -->\n<title>Recenzija - Uro\u0161 Uro\u0161evi\u0107, master \u0161ef | Tradicionalni recepti doma\u0107e srpske kuhinje<\/title>\n<meta name=\"description\" content=\"(Srpski) Recenzija - Autor se potrudio da javnosti u ovoj knjizi predstavi sve rezultate istra\u017eiva\u010dkog rada. Svest da o ishrani srpskog naroda kroz istoriju ne posedujemo mnogo pisanog materijala predstavlja razlog vi\u0161e da se ova tema obra\u0111uje postupno i temeljno.\" \/>\n<meta name=\"robots\" content=\"index, follow, max-snippet:-1, max-image-preview:large, max-video-preview:-1\" \/>\n<link rel=\"canonical\" href=\"http:\/\/tradicionalnirecepti.net\/review\/\" \/>\n<meta property=\"og:locale\" content=\"sr_RS\" \/>\n<meta property=\"og:type\" content=\"article\" \/>\n<meta property=\"og:title\" content=\"Recenzija - Uro\u0161 Uro\u0161evi\u0107, master \u0161ef | Tradicionalni recepti doma\u0107e srpske kuhinje\" \/>\n<meta property=\"og:description\" content=\"(Srpski) Recenzija - Autor se potrudio da javnosti u ovoj knjizi predstavi sve rezultate istra\u017eiva\u010dkog rada. Svest da o ishrani srpskog naroda kroz istoriju ne posedujemo mnogo pisanog materijala predstavlja razlog vi\u0161e da se ova tema obra\u0111uje postupno i temeljno.\" \/>\n<meta property=\"og:url\" content=\"http:\/\/tradicionalnirecepti.net\/review\/\" \/>\n<meta property=\"og:site_name\" content=\"Tradicionalni recepti doma\u0107e srpske kuhinje\" \/>\n<meta property=\"article:modified_time\" content=\"2018-07-18T08:56:13+00:00\" \/>\n<meta property=\"og:image\" content=\"http:\/\/tradicionalnirecepti.net\/wp-content\/uploads\/2018\/07\/Tradicionalni-recepti-domace-srpske-kuhinje-cir-porucite-knjigu-300x135-300x135.jpg\" \/>\n<meta name=\"twitter:card\" content=\"summary_large_image\" \/>\n<meta name=\"twitter:label1\" content=\"\u041f\u0440\u043e\u0446\u0435\u045a\u0435\u043d\u043e \u0432\u0440\u0435\u043c\u0435 \u0447\u0438\u0442\u0430\u045a\u0430\" \/>\n\t<meta name=\"twitter:data1\" content=\"3 \u043c\u0438\u043d\u0443\u0442\u0430\" \/>\n<script type=\"application\/ld+json\" class=\"yoast-schema-graph\">{\"@context\":\"https:\/\/schema.org\",\"@graph\":[{\"@type\":\"WebPage\",\"@id\":\"http:\/\/tradicionalnirecepti.net\/review\/\",\"url\":\"http:\/\/tradicionalnirecepti.net\/review\/\",\"name\":\"Recenzija - Uro\u0161 Uro\u0161evi\u0107, master \u0161ef | Tradicionalni recepti doma\u0107e srpske kuhinje\",\"isPartOf\":{\"@id\":\"http:\/\/tradicionalnirecepti.net\/#website\"},\"datePublished\":\"2018-07-17T07:50:32+00:00\",\"dateModified\":\"2018-07-18T08:56:13+00:00\",\"description\":\"(Srpski) Recenzija - Autor se potrudio da javnosti u ovoj knjizi predstavi sve rezultate istra\u017eiva\u010dkog rada. Svest da o ishrani srpskog naroda kroz istoriju ne posedujemo mnogo pisanog materijala predstavlja razlog vi\u0161e da se ova tema obra\u0111uje postupno i temeljno.\",\"breadcrumb\":{\"@id\":\"http:\/\/tradicionalnirecepti.net\/review\/#breadcrumb\"},\"inLanguage\":\"sr-RS\",\"potentialAction\":[{\"@type\":\"ReadAction\",\"target\":[\"http:\/\/tradicionalnirecepti.net\/review\/\"]}]},{\"@type\":\"BreadcrumbList\",\"@id\":\"http:\/\/tradicionalnirecepti.net\/review\/#breadcrumb\",\"itemListElement\":[{\"@type\":\"ListItem\",\"position\":1,\"name\":\"Home\",\"item\":\"http:\/\/tradicionalnirecepti.net\/\"},{\"@type\":\"ListItem\",\"position\":2,\"name\":\"Review &#8211; Uros Urosevic, master chef\"}]},{\"@type\":\"WebSite\",\"@id\":\"http:\/\/tradicionalnirecepti.net\/#website\",\"url\":\"http:\/\/tradicionalnirecepti.net\/\",\"name\":\"Tradicionalni recepti doma\u0107e srpske kuhinje\",\"description\":\"Tradicionalni recepti doma\u0107e srpske kuhinje\",\"potentialAction\":[{\"@type\":\"SearchAction\",\"target\":{\"@type\":\"EntryPoint\",\"urlTemplate\":\"http:\/\/tradicionalnirecepti.net\/?s={search_term_string}\"},\"query-input\":\"required name=search_term_string\"}],\"inLanguage\":\"sr-RS\"}]}<\/script>\n<!-- \/ Yoast SEO plugin. -->","yoast_head_json":{"title":"Recenzija - Uro\u0161 Uro\u0161evi\u0107, master \u0161ef | Tradicionalni recepti doma\u0107e srpske kuhinje","description":"(Srpski) Recenzija - Autor se potrudio da javnosti u ovoj knjizi predstavi sve rezultate istra\u017eiva\u010dkog rada. Svest da o ishrani srpskog naroda kroz istoriju ne posedujemo mnogo pisanog materijala predstavlja razlog vi\u0161e da se ova tema obra\u0111uje postupno i temeljno.","robots":{"index":"index","follow":"follow","max-snippet":"max-snippet:-1","max-image-preview":"max-image-preview:large","max-video-preview":"max-video-preview:-1"},"canonical":"http:\/\/tradicionalnirecepti.net\/review\/","og_locale":"sr_RS","og_type":"article","og_title":"Recenzija - Uro\u0161 Uro\u0161evi\u0107, master \u0161ef | Tradicionalni recepti doma\u0107e srpske kuhinje","og_description":"(Srpski) Recenzija - Autor se potrudio da javnosti u ovoj knjizi predstavi sve rezultate istra\u017eiva\u010dkog rada. Svest da o ishrani srpskog naroda kroz istoriju ne posedujemo mnogo pisanog materijala predstavlja razlog vi\u0161e da se ova tema obra\u0111uje postupno i temeljno.","og_url":"http:\/\/tradicionalnirecepti.net\/review\/","og_site_name":"Tradicionalni recepti doma\u0107e srpske kuhinje","article_modified_time":"2018-07-18T08:56:13+00:00","og_image":[{"url":"http:\/\/tradicionalnirecepti.net\/wp-content\/uploads\/2018\/07\/Tradicionalni-recepti-domace-srpske-kuhinje-cir-porucite-knjigu-300x135-300x135.jpg"}],"twitter_card":"summary_large_image","twitter_misc":{"\u041f\u0440\u043e\u0446\u0435\u045a\u0435\u043d\u043e \u0432\u0440\u0435\u043c\u0435 \u0447\u0438\u0442\u0430\u045a\u0430":"3 \u043c\u0438\u043d\u0443\u0442\u0430"},"schema":{"@context":"https:\/\/schema.org","@graph":[{"@type":"WebPage","@id":"http:\/\/tradicionalnirecepti.net\/review\/","url":"http:\/\/tradicionalnirecepti.net\/review\/","name":"Recenzija - Uro\u0161 Uro\u0161evi\u0107, master \u0161ef | Tradicionalni recepti doma\u0107e srpske kuhinje","isPartOf":{"@id":"http:\/\/tradicionalnirecepti.net\/#website"},"datePublished":"2018-07-17T07:50:32+00:00","dateModified":"2018-07-18T08:56:13+00:00","description":"(Srpski) Recenzija - Autor se potrudio da javnosti u ovoj knjizi predstavi sve rezultate istra\u017eiva\u010dkog rada. Svest da o ishrani srpskog naroda kroz istoriju ne posedujemo mnogo pisanog materijala predstavlja razlog vi\u0161e da se ova tema obra\u0111uje postupno i temeljno.","breadcrumb":{"@id":"http:\/\/tradicionalnirecepti.net\/review\/#breadcrumb"},"inLanguage":"sr-RS","potentialAction":[{"@type":"ReadAction","target":["http:\/\/tradicionalnirecepti.net\/review\/"]}]},{"@type":"BreadcrumbList","@id":"http:\/\/tradicionalnirecepti.net\/review\/#breadcrumb","itemListElement":[{"@type":"ListItem","position":1,"name":"Home","item":"http:\/\/tradicionalnirecepti.net\/"},{"@type":"ListItem","position":2,"name":"Review &#8211; Uros Urosevic, master chef"}]},{"@type":"WebSite","@id":"http:\/\/tradicionalnirecepti.net\/#website","url":"http:\/\/tradicionalnirecepti.net\/","name":"Tradicionalni recepti doma\u0107e srpske kuhinje","description":"Tradicionalni recepti doma\u0107e srpske kuhinje","potentialAction":[{"@type":"SearchAction","target":{"@type":"EntryPoint","urlTemplate":"http:\/\/tradicionalnirecepti.net\/?s={search_term_string}"},"query-input":"required name=search_term_string"}],"inLanguage":"sr-RS"}]}},"_links":{"self":[{"href":"http:\/\/tradicionalnirecepti.net\/rs\/wp-json\/wp\/v2\/pages\/1470","targetHints":{"allow":["GET"]}}],"collection":[{"href":"http:\/\/tradicionalnirecepti.net\/rs\/wp-json\/wp\/v2\/pages"}],"about":[{"href":"http:\/\/tradicionalnirecepti.net\/rs\/wp-json\/wp\/v2\/types\/page"}],"author":[{"embeddable":true,"href":"http:\/\/tradicionalnirecepti.net\/rs\/wp-json\/wp\/v2\/users\/1"}],"replies":[{"embeddable":true,"href":"http:\/\/tradicionalnirecepti.net\/rs\/wp-json\/wp\/v2\/comments?post=1470"}],"version-history":[{"count":4,"href":"http:\/\/tradicionalnirecepti.net\/rs\/wp-json\/wp\/v2\/pages\/1470\/revisions"}],"predecessor-version":[{"id":1519,"href":"http:\/\/tradicionalnirecepti.net\/rs\/wp-json\/wp\/v2\/pages\/1470\/revisions\/1519"}],"wp:attachment":[{"href":"http:\/\/tradicionalnirecepti.net\/rs\/wp-json\/wp\/v2\/media?parent=1470"}],"curies":[{"name":"wp","href":"https:\/\/api.w.org\/{rel}","templated":true}]}}