{"id":1475,"date":"2018-07-17T08:04:52","date_gmt":"2018-07-17T08:04:52","guid":{"rendered":"http:\/\/tradicionalnirecepti.net\/?page_id=1475"},"modified":"2018-07-18T08:51:07","modified_gmt":"2018-07-18T08:51:07","slug":"miodrag-ilic-author-of-the-book","status":"publish","type":"page","link":"http:\/\/tradicionalnirecepti.net\/rs\/miodrag-ilic-author-of-the-book\/","title":{"rendered":"Miodrag Ili\u0107, autor knjige Tradicionalni recepti doma\u0107e srpske kuhinje"},"content":{"rendered":"<p><em><strong>Miodrag Ili\u0107<\/strong><\/em> je pokreta\u010d i glavni urednik portala \u201c<a href=\"https:\/\/recepti-kuvar.rs\/\">Recepti i Kuvar online<\/a>\u201d, koji je registrovani onlajn medij, i direktor je privrednog dru\u0161tva \u201c<a href=\"http:\/\/linkompc.com\/\">Linkom-PC<\/a>\u201d doo, koji je i osniva\u010d portala.<\/p>\n<p>Linkom-PC doo je kompanija koja je prisutna vi\u0161e od 20 godina na IT tr\u017ei\u0161tu regiona, iako mikro kompanija po veli\u010dini, ostavlja neizbrisiv trag svojim anga\u017eovanjem i u\u010de\u0161\u0107em u najve\u0107im projektima.<\/p>\n<p>Rezultat svega toga su i dve zna\u010dajne IT Awards nagrade u 2014. godini:\u00a0<a href=\"http:\/\/it-awards.org\/2014\/10\/22\/it-innovation-of-the-year-linkom-pc\/\">Certificate of Excellence \u2013 IT innovation of the year<\/a>,\u00a0<a href=\"http:\/\/it-awards.org\/2014\/10\/23\/for-contribution-to-it-infrastructure-linkom-pc-doo\/\">Certificate of Excellence \u2013 Special award for contribution to IT Infrastructure<\/a>, koje je dodelio IT Awards \u017eiri, koji je predvodio professor Dr Dragan \u0106osi\u0107, u me\u0111unarodnoj konkurenciji prijavljenih IT projekata.<\/p>\n<p>Portal \u201cRecepti i Kuvar online\u201d, nakon samo dve godine rada,\u00a0<a href=\"https:\/\/recepti-kuvar.rs\/portal-recepti-i-kuvar-online-svrstan-u-top-50-sajtova-u-srbiji\/\">dobija presti\u017eno priznanje TOP 50, \u010dime je ovaj portal svrstan u 50 najboljih sajtova u Srbiji za 2015. godinu, po odluci \u017eirija PC Press magazina<\/a>.<\/p>\n<figure class=\"wp-caption aligncenter\">Po\u010detkom 2017. godine na portalu Recepti i Kuvar, Miodrag Ili\u0107 pokre\u0107e akciju prikupljanja tradicionalnih recepata, \u010dije poreklo mora biti pre Drugog svetskog rata.\u00a0<a href=\"https:\/\/recepti-kuvar.rs\/privredna-komora-srbije-podrzala-projekat-tradicionalni-recepti-domace-srpske-kuhinje\/\">Ovaj projekat, kao neobi\u010dno va\u017ean za za o\u010duvanje nematerijalne kulturne tradicije naroda koji \u017eive na ovim prostorima, instutucionalno i organizaciono je podr\u017eala Privredna komora Srbije:<\/a><\/figure>\n<p>\u201c<em>Tradicionalni recepti doma\u0107e kuhinje va\u017ean su deo nematerijalne kulturne ba\u0161tine svakog naroda. Na listi elemenata nematerijalnog kulturnog nasle\u0111a Republike Srbije, pored starih zanata, narodnih obi\u010daja, pesama i igara, uz naivno slikarstvo Slovaka, nalaze se i Belmu\u017e, Izrada pirotskog ka\u010dkavalja, Pazarske mantije (tradicionalni na\u010din pripreme). Ovi elementi su zna\u010dajni za o\u010duvanje nacionalnog identiteta, ali predstavljaju i neizostavan deo razli\u010ditih turisti\u010dkih proizvoda.<\/em><\/p>\n<p><em>Projekat prikupljanja i promovisanja tradicionalnih recepata doma\u0107e srpske kuhinje preko portala Recepti i Kuvar online i izdavanje knjige Tradicionalni recepti doma\u0107e srpske kuhinje, une\u0107e nove elemente u turisti\u010dku ponudu Srbije. Procenjujemo i da \u0107e omogu\u0107iti bolju vidljivost kulturolo\u0161kog, kulinarskog i obi\u010dajnog istorijata ovih prostora, \u0161to \u0107e za cilj imati bolju informisanost pojedinaca i privrednih subjekata u zemlji i inostranstvu.\u201d<\/em><\/p>\n<p><a href=\"http:\/\/tradicionalnirecepti.net\/rs\/where-you-can-buy-a-book-traditional-serbian-food-and-recipes\/\"><img loading=\"lazy\" decoding=\"async\" class=\"aligncenter wp-image-1510 size-medium\" src=\"http:\/\/tradicionalnirecepti.net\/wp-content\/uploads\/2018\/07\/Tradicionalni-recepti-domace-srpske-kuhinje-cir-porucite-knjigu-300x135-300x135.jpg\" alt=\"\" width=\"300\" height=\"135\" \/><\/a><\/p>","protected":false},"excerpt":{"rendered":"<p>Miodrag Ili\u0107 je pokreta\u010d i glavni urednik portala \u201cRecepti i Kuvar online\u201d, koji je registrovani onlajn medij, i direktor je privrednog dru\u0161tva \u201cLinkom-PC\u201d doo, koji je i osniva\u010d portala. Linkom-PC &#8230;<\/p>\n","protected":false},"author":1,"featured_media":0,"parent":0,"menu_order":0,"comment_status":"closed","ping_status":"closed","template":"","meta":{"footnotes":""},"class_list":["post-1475","page","type-page","status-publish","hentry"],"yoast_head":"<!-- This site is optimized with the Yoast SEO plugin v22.1 - https:\/\/yoast.com\/wordpress\/plugins\/seo\/ -->\n<title>Miodrag Ili\u0107, autor knjige Tradicionalni recepti doma\u0107e srpske kuhinje | Tradicionalni recepti doma\u0107e srpske kuhinje<\/title>\n<meta name=\"description\" content=\"Miodrag Ili\u0107, autor knjige Tradicionalni recepti doma\u0107e srpske kuhinje, pokreta\u010d je i glavni urednik portala \u201cRecepti i Kuvar online\u201d, koji je registrovani onlajn medij, i direktor je privrednog dru\u0161tva \u201cLinkom-PC\u201d doo, koji je i osniva\u010d portala.\" \/>\n<meta name=\"robots\" content=\"index, follow, max-snippet:-1, max-image-preview:large, max-video-preview:-1\" \/>\n<link rel=\"canonical\" href=\"http:\/\/tradicionalnirecepti.net\/rs\/miodrag-ilic-author-of-the-book\/\" \/>\n<meta property=\"og:locale\" content=\"sr_RS\" \/>\n<meta property=\"og:type\" content=\"article\" \/>\n<meta property=\"og:title\" content=\"Miodrag Ili\u0107, autor knjige Tradicionalni recepti doma\u0107e srpske kuhinje | Tradicionalni recepti doma\u0107e srpske kuhinje\" \/>\n<meta property=\"og:description\" content=\"Miodrag Ili\u0107, autor knjige Tradicionalni recepti doma\u0107e srpske kuhinje, pokreta\u010d je i glavni urednik portala \u201cRecepti i Kuvar online\u201d, koji je registrovani onlajn medij, i direktor je privrednog dru\u0161tva \u201cLinkom-PC\u201d doo, koji je i osniva\u010d portala.\" \/>\n<meta property=\"og:url\" content=\"http:\/\/tradicionalnirecepti.net\/rs\/miodrag-ilic-author-of-the-book\/\" \/>\n<meta property=\"og:site_name\" content=\"Tradicionalni recepti doma\u0107e srpske kuhinje\" \/>\n<meta property=\"article:modified_time\" content=\"2018-07-18T08:51:07+00:00\" \/>\n<meta property=\"og:image\" content=\"http:\/\/tradicionalnirecepti.net\/wp-content\/uploads\/2018\/07\/Tradicionalni-recepti-domace-srpske-kuhinje-cir-porucite-knjigu-300x135-300x135.jpg\" \/>\n<meta name=\"twitter:card\" content=\"summary_large_image\" \/>\n<meta name=\"twitter:label1\" content=\"\u041f\u0440\u043e\u0446\u0435\u045a\u0435\u043d\u043e \u0432\u0440\u0435\u043c\u0435 \u0447\u0438\u0442\u0430\u045a\u0430\" \/>\n\t<meta name=\"twitter:data1\" content=\"4 \u043c\u0438\u043d\u0443\u0442\u0430\" \/>\n<script type=\"application\/ld+json\" class=\"yoast-schema-graph\">{\"@context\":\"https:\/\/schema.org\",\"@graph\":[{\"@type\":\"WebPage\",\"@id\":\"http:\/\/tradicionalnirecepti.net\/rs\/miodrag-ilic-author-of-the-book\/\",\"url\":\"http:\/\/tradicionalnirecepti.net\/rs\/miodrag-ilic-author-of-the-book\/\",\"name\":\"Miodrag Ili\u0107, autor knjige Tradicionalni recepti doma\u0107e srpske kuhinje | Tradicionalni recepti doma\u0107e srpske kuhinje\",\"isPartOf\":{\"@id\":\"http:\/\/tradicionalnirecepti.net\/#website\"},\"datePublished\":\"2018-07-17T08:04:52+00:00\",\"dateModified\":\"2018-07-18T08:51:07+00:00\",\"description\":\"Miodrag Ili\u0107, autor knjige Tradicionalni recepti doma\u0107e srpske kuhinje, pokreta\u010d je i glavni urednik portala \u201cRecepti i Kuvar online\u201d, koji je registrovani onlajn medij, i direktor je privrednog dru\u0161tva \u201cLinkom-PC\u201d doo, koji je i osniva\u010d portala.\",\"breadcrumb\":{\"@id\":\"http:\/\/tradicionalnirecepti.net\/rs\/miodrag-ilic-author-of-the-book\/#breadcrumb\"},\"inLanguage\":\"sr-RS\",\"potentialAction\":[{\"@type\":\"ReadAction\",\"target\":[\"http:\/\/tradicionalnirecepti.net\/rs\/miodrag-ilic-author-of-the-book\/\"]}]},{\"@type\":\"BreadcrumbList\",\"@id\":\"http:\/\/tradicionalnirecepti.net\/rs\/miodrag-ilic-author-of-the-book\/#breadcrumb\",\"itemListElement\":[{\"@type\":\"ListItem\",\"position\":1,\"name\":\"Home\",\"item\":\"http:\/\/tradicionalnirecepti.net\/\"},{\"@type\":\"ListItem\",\"position\":2,\"name\":\"Miodrag Ili\u0107, autor knjige Tradicionalni recepti doma\u0107e srpske kuhinje\"}]},{\"@type\":\"WebSite\",\"@id\":\"http:\/\/tradicionalnirecepti.net\/#website\",\"url\":\"http:\/\/tradicionalnirecepti.net\/\",\"name\":\"Tradicionalni recepti doma\u0107e srpske kuhinje\",\"description\":\"Tradicionalni recepti doma\u0107e srpske kuhinje\",\"potentialAction\":[{\"@type\":\"SearchAction\",\"target\":{\"@type\":\"EntryPoint\",\"urlTemplate\":\"http:\/\/tradicionalnirecepti.net\/?s={search_term_string}\"},\"query-input\":\"required name=search_term_string\"}],\"inLanguage\":\"sr-RS\"}]}<\/script>\n<!-- \/ Yoast SEO plugin. -->","yoast_head_json":{"title":"Miodrag Ili\u0107, autor knjige Tradicionalni recepti doma\u0107e srpske kuhinje | Tradicionalni recepti doma\u0107e srpske kuhinje","description":"Miodrag Ili\u0107, autor knjige Tradicionalni recepti doma\u0107e srpske kuhinje, pokreta\u010d je i glavni urednik portala \u201cRecepti i Kuvar online\u201d, koji je registrovani onlajn medij, i direktor je privrednog dru\u0161tva \u201cLinkom-PC\u201d doo, koji je i osniva\u010d portala.","robots":{"index":"index","follow":"follow","max-snippet":"max-snippet:-1","max-image-preview":"max-image-preview:large","max-video-preview":"max-video-preview:-1"},"canonical":"http:\/\/tradicionalnirecepti.net\/rs\/miodrag-ilic-author-of-the-book\/","og_locale":"sr_RS","og_type":"article","og_title":"Miodrag Ili\u0107, autor knjige Tradicionalni recepti doma\u0107e srpske kuhinje | Tradicionalni recepti doma\u0107e srpske kuhinje","og_description":"Miodrag Ili\u0107, autor knjige Tradicionalni recepti doma\u0107e srpske kuhinje, pokreta\u010d je i glavni urednik portala \u201cRecepti i Kuvar online\u201d, koji je registrovani onlajn medij, i direktor je privrednog dru\u0161tva \u201cLinkom-PC\u201d doo, koji je i osniva\u010d portala.","og_url":"http:\/\/tradicionalnirecepti.net\/rs\/miodrag-ilic-author-of-the-book\/","og_site_name":"Tradicionalni recepti doma\u0107e srpske kuhinje","article_modified_time":"2018-07-18T08:51:07+00:00","og_image":[{"url":"http:\/\/tradicionalnirecepti.net\/wp-content\/uploads\/2018\/07\/Tradicionalni-recepti-domace-srpske-kuhinje-cir-porucite-knjigu-300x135-300x135.jpg"}],"twitter_card":"summary_large_image","twitter_misc":{"\u041f\u0440\u043e\u0446\u0435\u045a\u0435\u043d\u043e \u0432\u0440\u0435\u043c\u0435 \u0447\u0438\u0442\u0430\u045a\u0430":"4 \u043c\u0438\u043d\u0443\u0442\u0430"},"schema":{"@context":"https:\/\/schema.org","@graph":[{"@type":"WebPage","@id":"http:\/\/tradicionalnirecepti.net\/rs\/miodrag-ilic-author-of-the-book\/","url":"http:\/\/tradicionalnirecepti.net\/rs\/miodrag-ilic-author-of-the-book\/","name":"Miodrag Ili\u0107, autor knjige Tradicionalni recepti doma\u0107e srpske kuhinje | Tradicionalni recepti doma\u0107e srpske kuhinje","isPartOf":{"@id":"http:\/\/tradicionalnirecepti.net\/#website"},"datePublished":"2018-07-17T08:04:52+00:00","dateModified":"2018-07-18T08:51:07+00:00","description":"Miodrag Ili\u0107, autor knjige Tradicionalni recepti doma\u0107e srpske kuhinje, pokreta\u010d je i glavni urednik portala \u201cRecepti i Kuvar online\u201d, koji je registrovani onlajn medij, i direktor je privrednog dru\u0161tva \u201cLinkom-PC\u201d doo, koji je i osniva\u010d portala.","breadcrumb":{"@id":"http:\/\/tradicionalnirecepti.net\/rs\/miodrag-ilic-author-of-the-book\/#breadcrumb"},"inLanguage":"sr-RS","potentialAction":[{"@type":"ReadAction","target":["http:\/\/tradicionalnirecepti.net\/rs\/miodrag-ilic-author-of-the-book\/"]}]},{"@type":"BreadcrumbList","@id":"http:\/\/tradicionalnirecepti.net\/rs\/miodrag-ilic-author-of-the-book\/#breadcrumb","itemListElement":[{"@type":"ListItem","position":1,"name":"Home","item":"http:\/\/tradicionalnirecepti.net\/"},{"@type":"ListItem","position":2,"name":"Miodrag Ili\u0107, autor knjige Tradicionalni recepti doma\u0107e srpske kuhinje"}]},{"@type":"WebSite","@id":"http:\/\/tradicionalnirecepti.net\/#website","url":"http:\/\/tradicionalnirecepti.net\/","name":"Tradicionalni recepti doma\u0107e srpske kuhinje","description":"Tradicionalni recepti doma\u0107e srpske kuhinje","potentialAction":[{"@type":"SearchAction","target":{"@type":"EntryPoint","urlTemplate":"http:\/\/tradicionalnirecepti.net\/?s={search_term_string}"},"query-input":"required name=search_term_string"}],"inLanguage":"sr-RS"}]}},"_links":{"self":[{"href":"http:\/\/tradicionalnirecepti.net\/rs\/wp-json\/wp\/v2\/pages\/1475","targetHints":{"allow":["GET"]}}],"collection":[{"href":"http:\/\/tradicionalnirecepti.net\/rs\/wp-json\/wp\/v2\/pages"}],"about":[{"href":"http:\/\/tradicionalnirecepti.net\/rs\/wp-json\/wp\/v2\/types\/page"}],"author":[{"embeddable":true,"href":"http:\/\/tradicionalnirecepti.net\/rs\/wp-json\/wp\/v2\/users\/1"}],"replies":[{"embeddable":true,"href":"http:\/\/tradicionalnirecepti.net\/rs\/wp-json\/wp\/v2\/comments?post=1475"}],"version-history":[{"count":2,"href":"http:\/\/tradicionalnirecepti.net\/rs\/wp-json\/wp\/v2\/pages\/1475\/revisions"}],"predecessor-version":[{"id":1515,"href":"http:\/\/tradicionalnirecepti.net\/rs\/wp-json\/wp\/v2\/pages\/1475\/revisions\/1515"}],"wp:attachment":[{"href":"http:\/\/tradicionalnirecepti.net\/rs\/wp-json\/wp\/v2\/media?parent=1475"}],"curies":[{"name":"wp","href":"https:\/\/api.w.org\/{rel}","templated":true}]}}