{"id":1477,"date":"2018-07-17T08:07:50","date_gmt":"2018-07-17T08:07:50","guid":{"rendered":"http:\/\/tradicionalnirecepti.net\/?page_id=1477"},"modified":"2018-07-18T08:52:48","modified_gmt":"2018-07-18T08:52:48","slug":"professor-dr-sladjana-sobajic-the-author-of-the-foreword-and-associate","status":"publish","type":"page","link":"http:\/\/tradicionalnirecepti.net\/rs\/professor-dr-sladjana-sobajic-the-author-of-the-foreword-and-associate\/","title":{"rendered":"Prof. dr. Sla\u0111ana \u0160obaji\u0107, autor predgovora"},"content":{"rendered":"<p><em><strong>Dr Sla\u0111ana \u0160obaji\u0107<\/strong><\/em> je redovni profesor na Katedri za bromatologiju Farmaceutskog fakulteta Univerziteta u Beogradu.<\/p>\n<p>Sla\u0111ana \u0160obaji\u0107 je magistrirala 1991. godine na Farmaceutskom fakultetu u Beogradu. Doktorat je odbranila 1996. godine na Farmaceutskom fakultetu u Beogradu, za koji je dobila nagradu Galenike za najbolju doktorsku disertaciju.<\/p>\n<p>Na Katedri za bromatologiju dr Sla\u0111ana \u0160obaji\u0107 u\u010destvuje u realizaciji nastave na integrisanim akademskim studijama na oba smera u okviru predmeta Bromatologija, Kontrola zdravstvene ispravnosti namirnica 1 i 2 i Dijetetika, i u okviru poslediplomskih studija \u2013 akademskih specijalisti\u010dkih studija, zdravstvene specijalizacije i doktorskih studija.<\/p>\n<p>Od 1996. godine dr Sla\u0111ana \u0160obaji\u0107 u\u010destvuje u projektima Ministarstva nauke, tehnologije i razvoja Republike Srbije. Koautor je 132 nau\u010dna i stru\u010dna rada, od \u010dega 26 radova u \u010dasopisima sa SCI liste sa impakt faktorom i 35 radova u nacionalnim \u010dasopisima. Koautor je jednog univerzitetskog ud\u017ebenika. \u010clan je Et\u010dkog komitet za klini\u010dka ispitivanja, \u010dlan Saveta fakulteta i \u010dlan Komisije za doktorske studije.<\/p>\n<p>Dr Sla\u0111ana \u0160obaji\u0107 je predsednik Dru\u0161tva za ishranu Srbije od 2008. godine.<\/p>\n<p>Istra\u017eiva\u010dki interes dr \u0160obaji\u0107 je u oblastima hemije hrane i dijetetskih proizvoda; fiziolo\u0161kih, biohemijskih, zdravstvenih efekata sastojaka hrane; procene unosa nutrimenata, aditiva i kontaminanata, u lipidologiji.<\/p>\n<p><a href=\"http:\/\/tradicionalnirecepti.net\/rs\/where-you-can-buy-a-book-traditional-serbian-food-and-recipes\/\"><img loading=\"lazy\" decoding=\"async\" class=\"aligncenter size-medium wp-image-1510\" src=\"http:\/\/tradicionalnirecepti.net\/wp-content\/uploads\/2018\/07\/Tradicionalni-recepti-domace-srpske-kuhinje-cir-porucite-knjigu-300x135-300x135.jpg\" alt=\"\" width=\"300\" height=\"135\" \/><\/a><\/p>","protected":false},"excerpt":{"rendered":"<p>Dr Sla\u0111ana \u0160obaji\u0107 je redovni profesor na Katedri za bromatologiju Farmaceutskog fakulteta Univerziteta u Beogradu. Sla\u0111ana \u0160obaji\u0107 je magistrirala 1991. godine na Farmaceutskom fakultetu u Beogradu. Doktorat je odbranila 1996. &#8230;<\/p>\n","protected":false},"author":1,"featured_media":0,"parent":0,"menu_order":0,"comment_status":"closed","ping_status":"closed","template":"","meta":{"footnotes":""},"class_list":["post-1477","page","type-page","status-publish","hentry"],"yoast_head":"<!-- This site is optimized with the Yoast SEO plugin v22.1 - https:\/\/yoast.com\/wordpress\/plugins\/seo\/ -->\n<title>Prof. dr. Sla\u0111ana \u0160obaji\u0107, autor predgovora | Tradicionalni recepti doma\u0107e srpske kuhinje<\/title>\n<meta name=\"description\" content=\"Dr Sla\u0111ana \u0160obaji\u0107 je redovni profesor na Katedri za bromatologiju Farmaceutskog fakulteta Univerziteta u Beogradu.\" \/>\n<meta name=\"robots\" content=\"index, follow, max-snippet:-1, max-image-preview:large, max-video-preview:-1\" \/>\n<link rel=\"canonical\" href=\"http:\/\/tradicionalnirecepti.net\/rs\/professor-dr-sladjana-sobajic-the-author-of-the-foreword-and-associate\/\" \/>\n<meta property=\"og:locale\" content=\"sr_RS\" \/>\n<meta property=\"og:type\" content=\"article\" \/>\n<meta property=\"og:title\" content=\"Prof. dr. Sla\u0111ana \u0160obaji\u0107, autor predgovora | Tradicionalni recepti doma\u0107e srpske kuhinje\" \/>\n<meta property=\"og:description\" content=\"Dr Sla\u0111ana \u0160obaji\u0107 je redovni profesor na Katedri za bromatologiju Farmaceutskog fakulteta Univerziteta u Beogradu.\" \/>\n<meta property=\"og:url\" content=\"http:\/\/tradicionalnirecepti.net\/rs\/professor-dr-sladjana-sobajic-the-author-of-the-foreword-and-associate\/\" \/>\n<meta property=\"og:site_name\" content=\"Tradicionalni recepti doma\u0107e srpske kuhinje\" \/>\n<meta property=\"article:modified_time\" content=\"2018-07-18T08:52:48+00:00\" \/>\n<meta property=\"og:image\" content=\"http:\/\/tradicionalnirecepti.net\/wp-content\/uploads\/2018\/07\/Tradicionalni-recepti-domace-srpske-kuhinje-cir-porucite-knjigu-300x135-300x135.jpg\" \/>\n<meta name=\"twitter:card\" content=\"summary_large_image\" \/>\n<meta name=\"twitter:label1\" content=\"\u041f\u0440\u043e\u0446\u0435\u045a\u0435\u043d\u043e \u0432\u0440\u0435\u043c\u0435 \u0447\u0438\u0442\u0430\u045a\u0430\" \/>\n\t<meta name=\"twitter:data1\" content=\"2 \u043c\u0438\u043d\u0443\u0442\u0430\" \/>\n<script type=\"application\/ld+json\" class=\"yoast-schema-graph\">{\"@context\":\"https:\/\/schema.org\",\"@graph\":[{\"@type\":\"WebPage\",\"@id\":\"http:\/\/tradicionalnirecepti.net\/rs\/professor-dr-sladjana-sobajic-the-author-of-the-foreword-and-associate\/\",\"url\":\"http:\/\/tradicionalnirecepti.net\/rs\/professor-dr-sladjana-sobajic-the-author-of-the-foreword-and-associate\/\",\"name\":\"Prof. dr. Sla\u0111ana \u0160obaji\u0107, autor predgovora | Tradicionalni recepti doma\u0107e srpske kuhinje\",\"isPartOf\":{\"@id\":\"https:\/\/tradicionalnirecepti.net\/rs\/#website\"},\"datePublished\":\"2018-07-17T08:07:50+00:00\",\"dateModified\":\"2018-07-18T08:52:48+00:00\",\"description\":\"Dr Sla\u0111ana \u0160obaji\u0107 je redovni profesor na Katedri za bromatologiju Farmaceutskog fakulteta Univerziteta u Beogradu.\",\"breadcrumb\":{\"@id\":\"http:\/\/tradicionalnirecepti.net\/rs\/professor-dr-sladjana-sobajic-the-author-of-the-foreword-and-associate\/#breadcrumb\"},\"inLanguage\":\"sr-RS\",\"potentialAction\":[{\"@type\":\"ReadAction\",\"target\":[\"http:\/\/tradicionalnirecepti.net\/rs\/professor-dr-sladjana-sobajic-the-author-of-the-foreword-and-associate\/\"]}]},{\"@type\":\"BreadcrumbList\",\"@id\":\"http:\/\/tradicionalnirecepti.net\/rs\/professor-dr-sladjana-sobajic-the-author-of-the-foreword-and-associate\/#breadcrumb\",\"itemListElement\":[{\"@type\":\"ListItem\",\"position\":1,\"name\":\"Home\",\"item\":\"https:\/\/tradicionalnirecepti.net\/rs\/\"},{\"@type\":\"ListItem\",\"position\":2,\"name\":\"Prof. dr. Sla\u0111ana \u0160obaji\u0107, autor predgovora\"}]},{\"@type\":\"WebSite\",\"@id\":\"https:\/\/tradicionalnirecepti.net\/rs\/#website\",\"url\":\"https:\/\/tradicionalnirecepti.net\/rs\/\",\"name\":\"Tradicionalni recepti doma\u0107e srpske kuhinje\",\"description\":\"Tradicionalni recepti doma\u0107e srpske kuhinje\",\"potentialAction\":[{\"@type\":\"SearchAction\",\"target\":{\"@type\":\"EntryPoint\",\"urlTemplate\":\"https:\/\/tradicionalnirecepti.net\/rs\/?s={search_term_string}\"},\"query-input\":\"required name=search_term_string\"}],\"inLanguage\":\"sr-RS\"}]}<\/script>\n<!-- \/ Yoast SEO plugin. -->","yoast_head_json":{"title":"Prof. dr. Sla\u0111ana \u0160obaji\u0107, autor predgovora | Tradicionalni recepti doma\u0107e srpske kuhinje","description":"Dr Sla\u0111ana \u0160obaji\u0107 je redovni profesor na Katedri za bromatologiju Farmaceutskog fakulteta Univerziteta u Beogradu.","robots":{"index":"index","follow":"follow","max-snippet":"max-snippet:-1","max-image-preview":"max-image-preview:large","max-video-preview":"max-video-preview:-1"},"canonical":"http:\/\/tradicionalnirecepti.net\/rs\/professor-dr-sladjana-sobajic-the-author-of-the-foreword-and-associate\/","og_locale":"sr_RS","og_type":"article","og_title":"Prof. dr. Sla\u0111ana \u0160obaji\u0107, autor predgovora | Tradicionalni recepti doma\u0107e srpske kuhinje","og_description":"Dr Sla\u0111ana \u0160obaji\u0107 je redovni profesor na Katedri za bromatologiju Farmaceutskog fakulteta Univerziteta u Beogradu.","og_url":"http:\/\/tradicionalnirecepti.net\/rs\/professor-dr-sladjana-sobajic-the-author-of-the-foreword-and-associate\/","og_site_name":"Tradicionalni recepti doma\u0107e srpske kuhinje","article_modified_time":"2018-07-18T08:52:48+00:00","og_image":[{"url":"http:\/\/tradicionalnirecepti.net\/wp-content\/uploads\/2018\/07\/Tradicionalni-recepti-domace-srpske-kuhinje-cir-porucite-knjigu-300x135-300x135.jpg"}],"twitter_card":"summary_large_image","twitter_misc":{"\u041f\u0440\u043e\u0446\u0435\u045a\u0435\u043d\u043e \u0432\u0440\u0435\u043c\u0435 \u0447\u0438\u0442\u0430\u045a\u0430":"2 \u043c\u0438\u043d\u0443\u0442\u0430"},"schema":{"@context":"https:\/\/schema.org","@graph":[{"@type":"WebPage","@id":"http:\/\/tradicionalnirecepti.net\/rs\/professor-dr-sladjana-sobajic-the-author-of-the-foreword-and-associate\/","url":"http:\/\/tradicionalnirecepti.net\/rs\/professor-dr-sladjana-sobajic-the-author-of-the-foreword-and-associate\/","name":"Prof. dr. Sla\u0111ana \u0160obaji\u0107, autor predgovora | Tradicionalni recepti doma\u0107e srpske kuhinje","isPartOf":{"@id":"https:\/\/tradicionalnirecepti.net\/rs\/#website"},"datePublished":"2018-07-17T08:07:50+00:00","dateModified":"2018-07-18T08:52:48+00:00","description":"Dr Sla\u0111ana \u0160obaji\u0107 je redovni profesor na Katedri za bromatologiju Farmaceutskog fakulteta Univerziteta u Beogradu.","breadcrumb":{"@id":"http:\/\/tradicionalnirecepti.net\/rs\/professor-dr-sladjana-sobajic-the-author-of-the-foreword-and-associate\/#breadcrumb"},"inLanguage":"sr-RS","potentialAction":[{"@type":"ReadAction","target":["http:\/\/tradicionalnirecepti.net\/rs\/professor-dr-sladjana-sobajic-the-author-of-the-foreword-and-associate\/"]}]},{"@type":"BreadcrumbList","@id":"http:\/\/tradicionalnirecepti.net\/rs\/professor-dr-sladjana-sobajic-the-author-of-the-foreword-and-associate\/#breadcrumb","itemListElement":[{"@type":"ListItem","position":1,"name":"Home","item":"https:\/\/tradicionalnirecepti.net\/rs\/"},{"@type":"ListItem","position":2,"name":"Prof. dr. Sla\u0111ana \u0160obaji\u0107, autor predgovora"}]},{"@type":"WebSite","@id":"https:\/\/tradicionalnirecepti.net\/rs\/#website","url":"https:\/\/tradicionalnirecepti.net\/rs\/","name":"Tradicionalni recepti doma\u0107e srpske kuhinje","description":"Tradicionalni recepti doma\u0107e srpske kuhinje","potentialAction":[{"@type":"SearchAction","target":{"@type":"EntryPoint","urlTemplate":"https:\/\/tradicionalnirecepti.net\/rs\/?s={search_term_string}"},"query-input":"required name=search_term_string"}],"inLanguage":"sr-RS"}]}},"_links":{"self":[{"href":"http:\/\/tradicionalnirecepti.net\/rs\/wp-json\/wp\/v2\/pages\/1477","targetHints":{"allow":["GET"]}}],"collection":[{"href":"http:\/\/tradicionalnirecepti.net\/rs\/wp-json\/wp\/v2\/pages"}],"about":[{"href":"http:\/\/tradicionalnirecepti.net\/rs\/wp-json\/wp\/v2\/types\/page"}],"author":[{"embeddable":true,"href":"http:\/\/tradicionalnirecepti.net\/rs\/wp-json\/wp\/v2\/users\/1"}],"replies":[{"embeddable":true,"href":"http:\/\/tradicionalnirecepti.net\/rs\/wp-json\/wp\/v2\/comments?post=1477"}],"version-history":[{"count":2,"href":"http:\/\/tradicionalnirecepti.net\/rs\/wp-json\/wp\/v2\/pages\/1477\/revisions"}],"predecessor-version":[{"id":1517,"href":"http:\/\/tradicionalnirecepti.net\/rs\/wp-json\/wp\/v2\/pages\/1477\/revisions\/1517"}],"wp:attachment":[{"href":"http:\/\/tradicionalnirecepti.net\/rs\/wp-json\/wp\/v2\/media?parent=1477"}],"curies":[{"name":"wp","href":"https:\/\/api.w.org\/{rel}","templated":true}]}}