{"id":1479,"date":"2018-07-17T08:10:33","date_gmt":"2018-07-17T08:10:33","guid":{"rendered":"http:\/\/tradicionalnirecepti.net\/?page_id=1479"},"modified":"2018-07-18T08:57:37","modified_gmt":"2018-07-18T08:57:37","slug":"uros-urosevic-master-chef-and-author-of-review","status":"publish","type":"page","link":"http:\/\/tradicionalnirecepti.net\/rs\/uros-urosevic-master-chef-and-author-of-review\/","title":{"rendered":"Uro\u0161 Uro\u0161evi\u0107, master \u0161ef, autor recenzije"},"content":{"rendered":"<p><em><strong>Master \u0161ef\u00a0<span class=\"crveni\">Uro\u0161 Uro\u0161evi\u0107<\/span><\/strong><\/em>\u00a0jedan je od najcenjenijih srpskih kuvara koji godinama unazad ula\u017ee velike napore u razvoj doma\u0107eg kulinarstva i njegovu promociju u inostranstvu. Uro\u0161evi\u0107 je prvi kuvar iz Srbije koji je primljen u najelitnije kulinarsko udru\u017eenje \u2013 Svetsko dru\u0161tvo master \u0161efova iz Londona, koje je zahvaljuju\u0107i brojnim zaslugama, aktivnostima i uva\u017eenim \u010dlanovima izborilo titulu najpresti\u017enije i vode\u0107e internacionalne asocijacije \u0161efova.<\/p>\n<p>U svojoj karijeri, na vi\u0161e od dvadesetak takmi\u010denja kuvara bio je \u010dlan \u017eirija kao me\u0111unarodni gastronomski sudija sa licencom WACS (Svetska asocijacija kuvara). Pored toga, po\u010dasni je \u010dlan udru\u017eenja ACEEA iz Rumunije, nosilac priznanja Majstor Kuhar koje dodeljuje Savez kuvara Mediteranskih I Evropskih regija, po\u010dasni \u010dlan Euro-\u0161efova Portugal, I nosilac po\u010dasne lente Asocijacije kuvara Kazakhstana. U\u010destvuje kao ocenjiva\u010d na presti\u017enom me\u0111unarodnom institutu za ocenjivanje kvaliteta prehrambenih proizvoda ITQI iz Brisela.<\/p>\n<p>U toku svoje profesionalne karijere radio je u vi\u0161e hotela i restorana, te je stekao iskustvo na svim radnim pozicijama, a danas je rukovodilac za odnose sa HoReCa kupcima, kompanije METRO Cash &amp; Carry. Prethodno je u istoj kompaniji bio rukovodilac HoReCa Centra, najsavremenijeg centra za edukaciju i unapre\u0111enje ugostiteljstva u ovom delu Evrope, koji je po\u010detkom 2013. godine otvoren u Beogradu.<\/p>\n<p>&nbsp;<\/p>\n<p><a href=\"http:\/\/tradicionalnirecepti.net\/rs\/where-you-can-buy-a-book-traditional-serbian-food-and-recipes\/\"><img loading=\"lazy\" decoding=\"async\" class=\"aligncenter size-medium wp-image-1510\" src=\"http:\/\/tradicionalnirecepti.net\/wp-content\/uploads\/2018\/07\/Tradicionalni-recepti-domace-srpske-kuhinje-cir-porucite-knjigu-300x135-300x135.jpg\" alt=\"\" width=\"300\" height=\"135\" \/><\/a><\/p>","protected":false},"excerpt":{"rendered":"<p>Master \u0161ef\u00a0Uro\u0161 Uro\u0161evi\u0107\u00a0jedan je od najcenjenijih srpskih kuvara koji godinama unazad ula\u017ee velike napore u razvoj doma\u0107eg kulinarstva i njegovu promociju u inostranstvu. Uro\u0161evi\u0107 je prvi kuvar iz Srbije koji &#8230;<\/p>\n","protected":false},"author":1,"featured_media":0,"parent":0,"menu_order":0,"comment_status":"closed","ping_status":"closed","template":"","meta":{"footnotes":""},"class_list":["post-1479","page","type-page","status-publish","hentry"],"yoast_head":"<!-- This site is optimized with the Yoast SEO plugin v22.1 - https:\/\/yoast.com\/wordpress\/plugins\/seo\/ -->\n<title>Uro\u0161 Uro\u0161evi\u0107, master \u0161ef, autor recenzije | Tradicionalni recepti doma\u0107e srpske kuhinje<\/title>\n<meta name=\"description\" content=\"Master \u0161ef\u00a0Uro\u0161 Uro\u0161evi\u0107\u00a0jedan je od najcenjenijih srpskih kuvara koji godinama unazad ula\u017ee velike napore u razvoj doma\u0107eg kulinarstva i njegovu promociju u inostranstvu.\" \/>\n<meta name=\"robots\" content=\"index, follow, max-snippet:-1, max-image-preview:large, max-video-preview:-1\" \/>\n<link rel=\"canonical\" href=\"http:\/\/tradicionalnirecepti.net\/rs\/uros-urosevic-master-chef-and-author-of-review\/\" \/>\n<meta property=\"og:locale\" content=\"sr_RS\" \/>\n<meta property=\"og:type\" content=\"article\" \/>\n<meta property=\"og:title\" content=\"Uro\u0161 Uro\u0161evi\u0107, master \u0161ef, autor recenzije | Tradicionalni recepti doma\u0107e srpske kuhinje\" \/>\n<meta property=\"og:description\" content=\"Master \u0161ef\u00a0Uro\u0161 Uro\u0161evi\u0107\u00a0jedan je od najcenjenijih srpskih kuvara koji godinama unazad ula\u017ee velike napore u razvoj doma\u0107eg kulinarstva i njegovu promociju u inostranstvu.\" \/>\n<meta property=\"og:url\" content=\"http:\/\/tradicionalnirecepti.net\/rs\/uros-urosevic-master-chef-and-author-of-review\/\" \/>\n<meta property=\"og:site_name\" content=\"Tradicionalni recepti doma\u0107e srpske kuhinje\" \/>\n<meta property=\"article:modified_time\" content=\"2018-07-18T08:57:37+00:00\" \/>\n<meta property=\"og:image\" content=\"http:\/\/tradicionalnirecepti.net\/wp-content\/uploads\/2018\/07\/Tradicionalni-recepti-domace-srpske-kuhinje-cir-porucite-knjigu-300x135-300x135.jpg\" \/>\n<meta name=\"twitter:card\" content=\"summary_large_image\" \/>\n<meta name=\"twitter:label1\" content=\"\u041f\u0440\u043e\u0446\u0435\u045a\u0435\u043d\u043e \u0432\u0440\u0435\u043c\u0435 \u0447\u0438\u0442\u0430\u045a\u0430\" \/>\n\t<meta name=\"twitter:data1\" content=\"2 \u043c\u0438\u043d\u0443\u0442\u0430\" \/>\n<script type=\"application\/ld+json\" class=\"yoast-schema-graph\">{\"@context\":\"https:\/\/schema.org\",\"@graph\":[{\"@type\":\"WebPage\",\"@id\":\"http:\/\/tradicionalnirecepti.net\/rs\/uros-urosevic-master-chef-and-author-of-review\/\",\"url\":\"http:\/\/tradicionalnirecepti.net\/rs\/uros-urosevic-master-chef-and-author-of-review\/\",\"name\":\"Uro\u0161 Uro\u0161evi\u0107, master \u0161ef, autor recenzije | Tradicionalni recepti doma\u0107e srpske kuhinje\",\"isPartOf\":{\"@id\":\"http:\/\/tradicionalnirecepti.net\/#website\"},\"datePublished\":\"2018-07-17T08:10:33+00:00\",\"dateModified\":\"2018-07-18T08:57:37+00:00\",\"description\":\"Master \u0161ef\u00a0Uro\u0161 Uro\u0161evi\u0107\u00a0jedan je od najcenjenijih srpskih kuvara koji godinama unazad ula\u017ee velike napore u razvoj doma\u0107eg kulinarstva i njegovu promociju u inostranstvu.\",\"breadcrumb\":{\"@id\":\"http:\/\/tradicionalnirecepti.net\/rs\/uros-urosevic-master-chef-and-author-of-review\/#breadcrumb\"},\"inLanguage\":\"sr-RS\",\"potentialAction\":[{\"@type\":\"ReadAction\",\"target\":[\"http:\/\/tradicionalnirecepti.net\/rs\/uros-urosevic-master-chef-and-author-of-review\/\"]}]},{\"@type\":\"BreadcrumbList\",\"@id\":\"http:\/\/tradicionalnirecepti.net\/rs\/uros-urosevic-master-chef-and-author-of-review\/#breadcrumb\",\"itemListElement\":[{\"@type\":\"ListItem\",\"position\":1,\"name\":\"Home\",\"item\":\"http:\/\/tradicionalnirecepti.net\/\"},{\"@type\":\"ListItem\",\"position\":2,\"name\":\"Uro\u0161 Uro\u0161evi\u0107, master \u0161ef, autor recenzije\"}]},{\"@type\":\"WebSite\",\"@id\":\"http:\/\/tradicionalnirecepti.net\/#website\",\"url\":\"http:\/\/tradicionalnirecepti.net\/\",\"name\":\"Tradicionalni recepti doma\u0107e srpske kuhinje\",\"description\":\"Tradicionalni recepti doma\u0107e srpske kuhinje\",\"potentialAction\":[{\"@type\":\"SearchAction\",\"target\":{\"@type\":\"EntryPoint\",\"urlTemplate\":\"http:\/\/tradicionalnirecepti.net\/?s={search_term_string}\"},\"query-input\":\"required name=search_term_string\"}],\"inLanguage\":\"sr-RS\"}]}<\/script>\n<!-- \/ Yoast SEO plugin. -->","yoast_head_json":{"title":"Uro\u0161 Uro\u0161evi\u0107, master \u0161ef, autor recenzije | Tradicionalni recepti doma\u0107e srpske kuhinje","description":"Master \u0161ef\u00a0Uro\u0161 Uro\u0161evi\u0107\u00a0jedan je od najcenjenijih srpskih kuvara koji godinama unazad ula\u017ee velike napore u razvoj doma\u0107eg kulinarstva i njegovu promociju u inostranstvu.","robots":{"index":"index","follow":"follow","max-snippet":"max-snippet:-1","max-image-preview":"max-image-preview:large","max-video-preview":"max-video-preview:-1"},"canonical":"http:\/\/tradicionalnirecepti.net\/rs\/uros-urosevic-master-chef-and-author-of-review\/","og_locale":"sr_RS","og_type":"article","og_title":"Uro\u0161 Uro\u0161evi\u0107, master \u0161ef, autor recenzije | Tradicionalni recepti doma\u0107e srpske kuhinje","og_description":"Master \u0161ef\u00a0Uro\u0161 Uro\u0161evi\u0107\u00a0jedan je od najcenjenijih srpskih kuvara koji godinama unazad ula\u017ee velike napore u razvoj doma\u0107eg kulinarstva i njegovu promociju u inostranstvu.","og_url":"http:\/\/tradicionalnirecepti.net\/rs\/uros-urosevic-master-chef-and-author-of-review\/","og_site_name":"Tradicionalni recepti doma\u0107e srpske kuhinje","article_modified_time":"2018-07-18T08:57:37+00:00","og_image":[{"url":"http:\/\/tradicionalnirecepti.net\/wp-content\/uploads\/2018\/07\/Tradicionalni-recepti-domace-srpske-kuhinje-cir-porucite-knjigu-300x135-300x135.jpg"}],"twitter_card":"summary_large_image","twitter_misc":{"\u041f\u0440\u043e\u0446\u0435\u045a\u0435\u043d\u043e \u0432\u0440\u0435\u043c\u0435 \u0447\u0438\u0442\u0430\u045a\u0430":"2 \u043c\u0438\u043d\u0443\u0442\u0430"},"schema":{"@context":"https:\/\/schema.org","@graph":[{"@type":"WebPage","@id":"http:\/\/tradicionalnirecepti.net\/rs\/uros-urosevic-master-chef-and-author-of-review\/","url":"http:\/\/tradicionalnirecepti.net\/rs\/uros-urosevic-master-chef-and-author-of-review\/","name":"Uro\u0161 Uro\u0161evi\u0107, master \u0161ef, autor recenzije | Tradicionalni recepti doma\u0107e srpske kuhinje","isPartOf":{"@id":"http:\/\/tradicionalnirecepti.net\/#website"},"datePublished":"2018-07-17T08:10:33+00:00","dateModified":"2018-07-18T08:57:37+00:00","description":"Master \u0161ef\u00a0Uro\u0161 Uro\u0161evi\u0107\u00a0jedan je od najcenjenijih srpskih kuvara koji godinama unazad ula\u017ee velike napore u razvoj doma\u0107eg kulinarstva i njegovu promociju u inostranstvu.","breadcrumb":{"@id":"http:\/\/tradicionalnirecepti.net\/rs\/uros-urosevic-master-chef-and-author-of-review\/#breadcrumb"},"inLanguage":"sr-RS","potentialAction":[{"@type":"ReadAction","target":["http:\/\/tradicionalnirecepti.net\/rs\/uros-urosevic-master-chef-and-author-of-review\/"]}]},{"@type":"BreadcrumbList","@id":"http:\/\/tradicionalnirecepti.net\/rs\/uros-urosevic-master-chef-and-author-of-review\/#breadcrumb","itemListElement":[{"@type":"ListItem","position":1,"name":"Home","item":"http:\/\/tradicionalnirecepti.net\/"},{"@type":"ListItem","position":2,"name":"Uro\u0161 Uro\u0161evi\u0107, master \u0161ef, autor recenzije"}]},{"@type":"WebSite","@id":"http:\/\/tradicionalnirecepti.net\/#website","url":"http:\/\/tradicionalnirecepti.net\/","name":"Tradicionalni recepti doma\u0107e srpske kuhinje","description":"Tradicionalni recepti doma\u0107e srpske kuhinje","potentialAction":[{"@type":"SearchAction","target":{"@type":"EntryPoint","urlTemplate":"http:\/\/tradicionalnirecepti.net\/?s={search_term_string}"},"query-input":"required name=search_term_string"}],"inLanguage":"sr-RS"}]}},"_links":{"self":[{"href":"http:\/\/tradicionalnirecepti.net\/rs\/wp-json\/wp\/v2\/pages\/1479","targetHints":{"allow":["GET"]}}],"collection":[{"href":"http:\/\/tradicionalnirecepti.net\/rs\/wp-json\/wp\/v2\/pages"}],"about":[{"href":"http:\/\/tradicionalnirecepti.net\/rs\/wp-json\/wp\/v2\/types\/page"}],"author":[{"embeddable":true,"href":"http:\/\/tradicionalnirecepti.net\/rs\/wp-json\/wp\/v2\/users\/1"}],"replies":[{"embeddable":true,"href":"http:\/\/tradicionalnirecepti.net\/rs\/wp-json\/wp\/v2\/comments?post=1479"}],"version-history":[{"count":3,"href":"http:\/\/tradicionalnirecepti.net\/rs\/wp-json\/wp\/v2\/pages\/1479\/revisions"}],"predecessor-version":[{"id":1520,"href":"http:\/\/tradicionalnirecepti.net\/rs\/wp-json\/wp\/v2\/pages\/1479\/revisions\/1520"}],"wp:attachment":[{"href":"http:\/\/tradicionalnirecepti.net\/rs\/wp-json\/wp\/v2\/media?parent=1479"}],"curies":[{"name":"wp","href":"https:\/\/api.w.org\/{rel}","templated":true}]}}