{"id":6,"date":"2017-01-11T11:23:49","date_gmt":"2017-01-11T11:23:49","guid":{"rendered":"http:\/\/tradicionalnirecepti.net\/?page_id=6"},"modified":"2018-07-19T07:59:53","modified_gmt":"2018-07-19T07:59:53","slug":"naslovna","status":"publish","type":"page","link":"http:\/\/tradicionalnirecepti.net\/rs\/","title":{"rendered":"Naslovna"},"content":{"rendered":"","protected":false},"excerpt":{"rendered":"","protected":false},"author":1,"featured_media":0,"parent":0,"menu_order":0,"comment_status":"closed","ping_status":"closed","template":"template-frontpage.php","meta":{"footnotes":""},"class_list":["post-6","page","type-page","status-publish","hentry"],"yoast_head":"<!-- This site is optimized with the Yoast SEO plugin v22.1 - https:\/\/yoast.com\/wordpress\/plugins\/seo\/ -->\n<title>Naslovna | Tradicionalni recepti doma\u0107e srpske kuhinje<\/title>\n<meta name=\"description\" content=\"(Srpski) Tradicionalni recepti doma\u0107e srpske kuhinje - ova posebna knjiga govori o pripremanju hrane sa svim svojim kulturolo\u0161kim, zdravstvenim i istorijskim aspektima i predstavlja podr\u0161ku o\u010duvanju tradicije i nematerijalne kulturne ba\u0161tine Srbije.\" \/>\n<meta name=\"robots\" content=\"index, follow, max-snippet:-1, max-image-preview:large, max-video-preview:-1\" \/>\n<link rel=\"canonical\" href=\"http:\/\/tradicionalnirecepti.net\/\" \/>\n<meta property=\"og:locale\" content=\"sr_RS\" \/>\n<meta property=\"og:type\" content=\"article\" \/>\n<meta property=\"og:title\" content=\"Naslovna | Tradicionalni recepti doma\u0107e srpske kuhinje\" \/>\n<meta property=\"og:description\" content=\"(Srpski) Tradicionalni recepti doma\u0107e srpske kuhinje - ova posebna knjiga govori o pripremanju hrane sa svim svojim kulturolo\u0161kim, zdravstvenim i istorijskim aspektima i predstavlja podr\u0161ku o\u010duvanju tradicije i nematerijalne kulturne ba\u0161tine Srbije.\" \/>\n<meta property=\"og:url\" content=\"http:\/\/tradicionalnirecepti.net\/\" \/>\n<meta property=\"og:site_name\" content=\"Tradicionalni recepti doma\u0107e srpske kuhinje\" \/>\n<meta property=\"article:modified_time\" content=\"2018-07-19T07:59:53+00:00\" \/>\n<meta name=\"twitter:card\" content=\"summary_large_image\" \/>\n<script type=\"application\/ld+json\" class=\"yoast-schema-graph\">{\"@context\":\"https:\/\/schema.org\",\"@graph\":[{\"@type\":\"WebPage\",\"@id\":\"http:\/\/tradicionalnirecepti.net\/\",\"url\":\"http:\/\/tradicionalnirecepti.net\/\",\"name\":\"Naslovna | Tradicionalni recepti doma\u0107e srpske kuhinje\",\"isPartOf\":{\"@id\":\"http:\/\/tradicionalnirecepti.net\/#website\"},\"datePublished\":\"2017-01-11T11:23:49+00:00\",\"dateModified\":\"2018-07-19T07:59:53+00:00\",\"description\":\"(Srpski) Tradicionalni recepti doma\u0107e srpske kuhinje - ova posebna knjiga govori o pripremanju hrane sa svim svojim kulturolo\u0161kim, zdravstvenim i istorijskim aspektima i predstavlja podr\u0161ku o\u010duvanju tradicije i nematerijalne kulturne ba\u0161tine Srbije.\",\"breadcrumb\":{\"@id\":\"http:\/\/tradicionalnirecepti.net\/#breadcrumb\"},\"inLanguage\":\"sr-RS\",\"potentialAction\":[{\"@type\":\"ReadAction\",\"target\":[\"http:\/\/tradicionalnirecepti.net\/\"]}]},{\"@type\":\"BreadcrumbList\",\"@id\":\"http:\/\/tradicionalnirecepti.net\/#breadcrumb\",\"itemListElement\":[{\"@type\":\"ListItem\",\"position\":1,\"name\":\"Home\",\"item\":\"http:\/\/tradicionalnirecepti.net\/\"},{\"@type\":\"ListItem\",\"position\":2,\"name\":\"Home Page\"}]},{\"@type\":\"WebSite\",\"@id\":\"http:\/\/tradicionalnirecepti.net\/#website\",\"url\":\"http:\/\/tradicionalnirecepti.net\/\",\"name\":\"Tradicionalni recepti doma\u0107e srpske kuhinje\",\"description\":\"Tradicionalni recepti doma\u0107e srpske kuhinje\",\"potentialAction\":[{\"@type\":\"SearchAction\",\"target\":{\"@type\":\"EntryPoint\",\"urlTemplate\":\"http:\/\/tradicionalnirecepti.net\/?s={search_term_string}\"},\"query-input\":\"required name=search_term_string\"}],\"inLanguage\":\"sr-RS\"}]}<\/script>\n<!-- \/ Yoast SEO plugin. -->","yoast_head_json":{"title":"Naslovna | Tradicionalni recepti doma\u0107e srpske kuhinje","description":"(Srpski) Tradicionalni recepti doma\u0107e srpske kuhinje - ova posebna knjiga govori o pripremanju hrane sa svim svojim kulturolo\u0161kim, zdravstvenim i istorijskim aspektima i predstavlja podr\u0161ku o\u010duvanju tradicije i nematerijalne kulturne ba\u0161tine Srbije.","robots":{"index":"index","follow":"follow","max-snippet":"max-snippet:-1","max-image-preview":"max-image-preview:large","max-video-preview":"max-video-preview:-1"},"canonical":"http:\/\/tradicionalnirecepti.net\/","og_locale":"sr_RS","og_type":"article","og_title":"Naslovna | Tradicionalni recepti doma\u0107e srpske kuhinje","og_description":"(Srpski) Tradicionalni recepti doma\u0107e srpske kuhinje - ova posebna knjiga govori o pripremanju hrane sa svim svojim kulturolo\u0161kim, zdravstvenim i istorijskim aspektima i predstavlja podr\u0161ku o\u010duvanju tradicije i nematerijalne kulturne ba\u0161tine Srbije.","og_url":"http:\/\/tradicionalnirecepti.net\/","og_site_name":"Tradicionalni recepti doma\u0107e srpske kuhinje","article_modified_time":"2018-07-19T07:59:53+00:00","twitter_card":"summary_large_image","schema":{"@context":"https:\/\/schema.org","@graph":[{"@type":"WebPage","@id":"http:\/\/tradicionalnirecepti.net\/","url":"http:\/\/tradicionalnirecepti.net\/","name":"Naslovna | Tradicionalni recepti doma\u0107e srpske kuhinje","isPartOf":{"@id":"http:\/\/tradicionalnirecepti.net\/#website"},"datePublished":"2017-01-11T11:23:49+00:00","dateModified":"2018-07-19T07:59:53+00:00","description":"(Srpski) Tradicionalni recepti doma\u0107e srpske kuhinje - ova posebna knjiga govori o pripremanju hrane sa svim svojim kulturolo\u0161kim, zdravstvenim i istorijskim aspektima i predstavlja podr\u0161ku o\u010duvanju tradicije i nematerijalne kulturne ba\u0161tine Srbije.","breadcrumb":{"@id":"http:\/\/tradicionalnirecepti.net\/#breadcrumb"},"inLanguage":"sr-RS","potentialAction":[{"@type":"ReadAction","target":["http:\/\/tradicionalnirecepti.net\/"]}]},{"@type":"BreadcrumbList","@id":"http:\/\/tradicionalnirecepti.net\/#breadcrumb","itemListElement":[{"@type":"ListItem","position":1,"name":"Home","item":"http:\/\/tradicionalnirecepti.net\/"},{"@type":"ListItem","position":2,"name":"Home Page"}]},{"@type":"WebSite","@id":"http:\/\/tradicionalnirecepti.net\/#website","url":"http:\/\/tradicionalnirecepti.net\/","name":"Tradicionalni recepti doma\u0107e srpske kuhinje","description":"Tradicionalni recepti doma\u0107e srpske kuhinje","potentialAction":[{"@type":"SearchAction","target":{"@type":"EntryPoint","urlTemplate":"http:\/\/tradicionalnirecepti.net\/?s={search_term_string}"},"query-input":"required name=search_term_string"}],"inLanguage":"sr-RS"}]}},"_links":{"self":[{"href":"http:\/\/tradicionalnirecepti.net\/rs\/wp-json\/wp\/v2\/pages\/6","targetHints":{"allow":["GET"]}}],"collection":[{"href":"http:\/\/tradicionalnirecepti.net\/rs\/wp-json\/wp\/v2\/pages"}],"about":[{"href":"http:\/\/tradicionalnirecepti.net\/rs\/wp-json\/wp\/v2\/types\/page"}],"author":[{"embeddable":true,"href":"http:\/\/tradicionalnirecepti.net\/rs\/wp-json\/wp\/v2\/users\/1"}],"replies":[{"embeddable":true,"href":"http:\/\/tradicionalnirecepti.net\/rs\/wp-json\/wp\/v2\/comments?post=6"}],"version-history":[{"count":2,"href":"http:\/\/tradicionalnirecepti.net\/rs\/wp-json\/wp\/v2\/pages\/6\/revisions"}],"predecessor-version":[{"id":1234,"href":"http:\/\/tradicionalnirecepti.net\/rs\/wp-json\/wp\/v2\/pages\/6\/revisions\/1234"}],"wp:attachment":[{"href":"http:\/\/tradicionalnirecepti.net\/rs\/wp-json\/wp\/v2\/media?parent=6"}],"curies":[{"name":"wp","href":"https:\/\/api.w.org\/{rel}","templated":true}]}}