{"id":1522,"date":"2018-07-19T07:51:08","date_gmt":"2018-07-19T07:51:08","guid":{"rendered":"http:\/\/tradicionalnirecepti.net\/?page_id=1522"},"modified":"2018-07-19T07:54:49","modified_gmt":"2018-07-19T07:54:49","slug":"readers-about-book","status":"publish","type":"page","link":"https:\/\/tradicionalnirecepti.net\/rs\/readers-about-book\/","title":{"rendered":"\u010citaoci o knjizi"},"content":{"rendered":"<p><\/p>\n<blockquote><p>Miodra\u017ee, knjiga je stigla i ja MORAM da vam ka\u017eem da smo svi ODU\u0160EVLJENI! BRAVOOO! Nisam odavno videla ne\u0161to tako dobro ura\u0111eno &#8211; u svakom smislu!!! \u010cESTITAM! Jedna suptilna &#8222;kuvarica&#8220; i zaista sjajan suvenir iz Srbije&#8230; Jo\u0161 jednom \u010destitam i vama i \u010ditavom timu na ovom sjajnom projektu! &#8211; Ljiljana R.<\/p><\/blockquote>\n<p>&nbsp;<\/p>\n<blockquote><p>Upravo je stigla, knjiga je stvarno prelepa, slikala sam je i stavila na Facebook da se vidi i \u010duje, hvala i veliki pozdrav. &#8211;\u00a0<span style=\"color: #555555; font-size: 16px;\">Ljiljana S.<\/span><\/p><\/blockquote>\n<p>&nbsp;<\/p>\n<blockquote><p>Dobio sam knjigu. Ba\u0161 je dobro ura\u0111ena, stvarno \u010dovek po\u017eeli da skuva ne\u0161to (mada ja jo\u0161 nisam na\u0161ao vremena). Dragan M.<\/p><\/blockquote>\n<p>&nbsp;<\/p>\n<blockquote><p>Hello Miodrag! Yes I received the cookbook. I love it! I LOVE IT!!! Thank you. Thank you. Thank you! From my heart, Susan &#8211;\u00a0Susan M.<\/p><\/blockquote>\n<p><a href=\"http:\/\/tradicionalnirecepti.net\/rs\/where-you-can-buy-a-book-traditional-serbian-food-and-recipes\/\"><img loading=\"lazy\" decoding=\"async\" class=\"aligncenter size-medium wp-image-1510\" src=\"http:\/\/tradicionalnirecepti.net\/wp-content\/uploads\/2018\/07\/Tradicionalni-recepti-domace-srpske-kuhinje-cir-porucite-knjigu-300x135-300x135.jpg\" alt=\"\" width=\"300\" height=\"135\" \/><\/a><\/p>","protected":false},"excerpt":{"rendered":"<p>Miodra\u017ee, knjiga je stigla i ja MORAM da vam ka\u017eem da smo svi ODU\u0160EVLJENI! BRAVOOO! Nisam odavno videla ne\u0161to tako dobro ura\u0111eno &#8211; u svakom smislu!!! \u010cESTITAM! Jedna suptilna &#8222;kuvarica&#8220; &#8230;<\/p>\n","protected":false},"author":1,"featured_media":0,"parent":0,"menu_order":0,"comment_status":"closed","ping_status":"closed","template":"","meta":{"footnotes":""},"class_list":["post-1522","page","type-page","status-publish","hentry"],"yoast_head":"<!-- This site is optimized with the Yoast SEO plugin v22.1 - https:\/\/yoast.com\/wordpress\/plugins\/seo\/ -->\n<title>\u010citaoci o knjizi | Tradicionalni recepti doma\u0107e srpske kuhinje<\/title>\n<meta name=\"description\" content=\"(Srpski) \u0160ta govore i pi\u0161u \u010ditaoci o knjizi Tradicionalni recepti doma\u0107e srpske kuhinje? Pro\u010ditajte!\" \/>\n<meta name=\"robots\" content=\"index, follow, max-snippet:-1, max-image-preview:large, max-video-preview:-1\" \/>\n<link rel=\"canonical\" href=\"http:\/\/tradicionalnirecepti.net\/readers-about-book\/\" \/>\n<meta property=\"og:locale\" content=\"sr_RS\" \/>\n<meta property=\"og:type\" content=\"article\" \/>\n<meta property=\"og:title\" content=\"\u010citaoci o knjizi | Tradicionalni recepti doma\u0107e srpske kuhinje\" \/>\n<meta property=\"og:description\" content=\"(Srpski) \u0160ta govore i pi\u0161u \u010ditaoci o knjizi Tradicionalni recepti doma\u0107e srpske kuhinje? Pro\u010ditajte!\" \/>\n<meta property=\"og:url\" content=\"http:\/\/tradicionalnirecepti.net\/readers-about-book\/\" \/>\n<meta property=\"og:site_name\" content=\"Tradicionalni recepti doma\u0107e srpske kuhinje\" \/>\n<meta property=\"article:modified_time\" content=\"2018-07-19T07:54:49+00:00\" \/>\n<meta property=\"og:image\" content=\"http:\/\/tradicionalnirecepti.net\/wp-content\/uploads\/2018\/07\/Tradicionalni-recepti-domace-srpske-kuhinje-cir-porucite-knjigu-300x135-300x135.jpg\" \/>\n<meta name=\"twitter:card\" content=\"summary_large_image\" \/>\n<meta name=\"twitter:label1\" content=\"\u041f\u0440\u043e\u0446\u0435\u045a\u0435\u043d\u043e \u0432\u0440\u0435\u043c\u0435 \u0447\u0438\u0442\u0430\u045a\u0430\" \/>\n\t<meta name=\"twitter:data1\" content=\"1 \u043c\u0438\u043d\u0443\u0442\" \/>\n<script type=\"application\/ld+json\" class=\"yoast-schema-graph\">{\"@context\":\"https:\/\/schema.org\",\"@graph\":[{\"@type\":\"WebPage\",\"@id\":\"http:\/\/tradicionalnirecepti.net\/readers-about-book\/\",\"url\":\"http:\/\/tradicionalnirecepti.net\/readers-about-book\/\",\"name\":\"\u010citaoci o knjizi | Tradicionalni recepti doma\u0107e srpske kuhinje\",\"isPartOf\":{\"@id\":\"https:\/\/tradicionalnirecepti.net\/#website\"},\"datePublished\":\"2018-07-19T07:51:08+00:00\",\"dateModified\":\"2018-07-19T07:54:49+00:00\",\"description\":\"(Srpski) \u0160ta govore i pi\u0161u \u010ditaoci o knjizi Tradicionalni recepti doma\u0107e srpske kuhinje? Pro\u010ditajte!\",\"breadcrumb\":{\"@id\":\"http:\/\/tradicionalnirecepti.net\/readers-about-book\/#breadcrumb\"},\"inLanguage\":\"sr-RS\",\"potentialAction\":[{\"@type\":\"ReadAction\",\"target\":[\"http:\/\/tradicionalnirecepti.net\/readers-about-book\/\"]}]},{\"@type\":\"BreadcrumbList\",\"@id\":\"http:\/\/tradicionalnirecepti.net\/readers-about-book\/#breadcrumb\",\"itemListElement\":[{\"@type\":\"ListItem\",\"position\":1,\"name\":\"Home\",\"item\":\"https:\/\/tradicionalnirecepti.net\/\"},{\"@type\":\"ListItem\",\"position\":2,\"name\":\"Readers about book\"}]},{\"@type\":\"WebSite\",\"@id\":\"https:\/\/tradicionalnirecepti.net\/#website\",\"url\":\"https:\/\/tradicionalnirecepti.net\/\",\"name\":\"Tradicionalni recepti doma\u0107e srpske kuhinje\",\"description\":\"Tradicionalni recepti doma\u0107e srpske kuhinje\",\"potentialAction\":[{\"@type\":\"SearchAction\",\"target\":{\"@type\":\"EntryPoint\",\"urlTemplate\":\"https:\/\/tradicionalnirecepti.net\/?s={search_term_string}\"},\"query-input\":\"required name=search_term_string\"}],\"inLanguage\":\"sr-RS\"}]}<\/script>\n<!-- \/ Yoast SEO plugin. -->","yoast_head_json":{"title":"\u010citaoci o knjizi | Tradicionalni recepti doma\u0107e srpske kuhinje","description":"(Srpski) \u0160ta govore i pi\u0161u \u010ditaoci o knjizi Tradicionalni recepti doma\u0107e srpske kuhinje? Pro\u010ditajte!","robots":{"index":"index","follow":"follow","max-snippet":"max-snippet:-1","max-image-preview":"max-image-preview:large","max-video-preview":"max-video-preview:-1"},"canonical":"http:\/\/tradicionalnirecepti.net\/readers-about-book\/","og_locale":"sr_RS","og_type":"article","og_title":"\u010citaoci o knjizi | Tradicionalni recepti doma\u0107e srpske kuhinje","og_description":"(Srpski) \u0160ta govore i pi\u0161u \u010ditaoci o knjizi Tradicionalni recepti doma\u0107e srpske kuhinje? Pro\u010ditajte!","og_url":"http:\/\/tradicionalnirecepti.net\/readers-about-book\/","og_site_name":"Tradicionalni recepti doma\u0107e srpske kuhinje","article_modified_time":"2018-07-19T07:54:49+00:00","og_image":[{"url":"http:\/\/tradicionalnirecepti.net\/wp-content\/uploads\/2018\/07\/Tradicionalni-recepti-domace-srpske-kuhinje-cir-porucite-knjigu-300x135-300x135.jpg"}],"twitter_card":"summary_large_image","twitter_misc":{"\u041f\u0440\u043e\u0446\u0435\u045a\u0435\u043d\u043e \u0432\u0440\u0435\u043c\u0435 \u0447\u0438\u0442\u0430\u045a\u0430":"1 \u043c\u0438\u043d\u0443\u0442"},"schema":{"@context":"https:\/\/schema.org","@graph":[{"@type":"WebPage","@id":"http:\/\/tradicionalnirecepti.net\/readers-about-book\/","url":"http:\/\/tradicionalnirecepti.net\/readers-about-book\/","name":"\u010citaoci o knjizi | Tradicionalni recepti doma\u0107e srpske kuhinje","isPartOf":{"@id":"https:\/\/tradicionalnirecepti.net\/#website"},"datePublished":"2018-07-19T07:51:08+00:00","dateModified":"2018-07-19T07:54:49+00:00","description":"(Srpski) \u0160ta govore i pi\u0161u \u010ditaoci o knjizi Tradicionalni recepti doma\u0107e srpske kuhinje? Pro\u010ditajte!","breadcrumb":{"@id":"http:\/\/tradicionalnirecepti.net\/readers-about-book\/#breadcrumb"},"inLanguage":"sr-RS","potentialAction":[{"@type":"ReadAction","target":["http:\/\/tradicionalnirecepti.net\/readers-about-book\/"]}]},{"@type":"BreadcrumbList","@id":"http:\/\/tradicionalnirecepti.net\/readers-about-book\/#breadcrumb","itemListElement":[{"@type":"ListItem","position":1,"name":"Home","item":"https:\/\/tradicionalnirecepti.net\/"},{"@type":"ListItem","position":2,"name":"Readers about book"}]},{"@type":"WebSite","@id":"https:\/\/tradicionalnirecepti.net\/#website","url":"https:\/\/tradicionalnirecepti.net\/","name":"Tradicionalni recepti doma\u0107e srpske kuhinje","description":"Tradicionalni recepti doma\u0107e srpske kuhinje","potentialAction":[{"@type":"SearchAction","target":{"@type":"EntryPoint","urlTemplate":"https:\/\/tradicionalnirecepti.net\/?s={search_term_string}"},"query-input":"required name=search_term_string"}],"inLanguage":"sr-RS"}]}},"_links":{"self":[{"href":"https:\/\/tradicionalnirecepti.net\/rs\/wp-json\/wp\/v2\/pages\/1522","targetHints":{"allow":["GET"]}}],"collection":[{"href":"https:\/\/tradicionalnirecepti.net\/rs\/wp-json\/wp\/v2\/pages"}],"about":[{"href":"https:\/\/tradicionalnirecepti.net\/rs\/wp-json\/wp\/v2\/types\/page"}],"author":[{"embeddable":true,"href":"https:\/\/tradicionalnirecepti.net\/rs\/wp-json\/wp\/v2\/users\/1"}],"replies":[{"embeddable":true,"href":"https:\/\/tradicionalnirecepti.net\/rs\/wp-json\/wp\/v2\/comments?post=1522"}],"version-history":[{"count":5,"href":"https:\/\/tradicionalnirecepti.net\/rs\/wp-json\/wp\/v2\/pages\/1522\/revisions"}],"predecessor-version":[{"id":1528,"href":"https:\/\/tradicionalnirecepti.net\/rs\/wp-json\/wp\/v2\/pages\/1522\/revisions\/1528"}],"wp:attachment":[{"href":"https:\/\/tradicionalnirecepti.net\/rs\/wp-json\/wp\/v2\/media?parent=1522"}],"curies":[{"name":"wp","href":"https:\/\/api.w.org\/{rel}","templated":true}]}}