{"id":1585,"date":"2018-10-09T07:17:13","date_gmt":"2018-10-09T07:17:13","guid":{"rendered":"http:\/\/tradicionalnirecepti.net\/?page_id=1585"},"modified":"2021-04-08T07:13:15","modified_gmt":"2021-04-08T07:13:15","slug":"contact","status":"publish","type":"page","link":"https:\/\/tradicionalnirecepti.net\/rs\/contact\/","title":{"rendered":"Kontakt"},"content":{"rendered":"<p><\/p>\n<h3><strong>Dragi \u010ditaoci,<\/strong><\/h3>\n<p><strong>ukoliko \u017eelite da poru\u010dite knjigu ili su vam potrebne neke druge informacije, po\u0161aljite e-mail poruku na: miodrag[at]tradicionalnirecepti.com<\/strong><\/p>\n<h2>Kome je ova knjiga namenjena?<\/h2>\n<p>Svima! Turistima, bilo da planiraju da odmor provedu u Srbiji, ili da Srbiju posete zbog posla. Dijaspori, da se svi koje greje \u201cSunce tu\u0111eg neba\u2026\u201d, podsete na neka od zaboravljenih jela i \u201cnahrane\u201d svoju nostaligiju, kao i da sa velikim ponosom poklone primerak knjige nekoj dragoj osobi, da bi pokazali iz kakve zemlje dolaze. Iskusnim kuvarima, a i neiskusnim po\u010detnicima, koji \u0107e imati priliku da isprobaju svoje znanje, nakon \u010ditanja ove knjige.<\/p>\n<p>Knjiga \u0107e sadr\u017ei 109 recepata iz svih krajeva Srbije, geografski podeljeno: severna Srbija (Vojvodina), isto\u010dna Srbija, ju\u017ena Srbija, zapadna Srbija, centralna Srbija, Kosovo i Metohija. Uz \u010dinjenicu da se, u su\u0161tini, svi regioni dosta preklapaju, ali, imaju i svojih posebnosti.<\/p>\n<p>Primeri posebnosti ovih krajeva, u dana\u0161nje vreme: Vojvodinu karakteri\u0161u testa \u2013 hlebovi, \u0161trudle, rezanci, kao i razne vrste prera\u0111evina od mesa. U centralnoj Srbiji karakteristi\u010dne su pite zeljanice, kao i prase na ra\u017enju. Posebnost zapadne Srbije je su\u0161eno meso, a u planinskim krajevima neizostavna su jela od jagnjetine. Kuhinju isto\u010dne Srbije odlikuju suve \u010dobanske pite, kuvana jagnjetina u mleku, su\u0161eno meso od divlje svinje, janjija s tri vrste mesa i i raznim povr\u0107em, homoljski ka\u010damak. Na jugu Srbije veoma popularna jela su meso sa ro\u0161tilja ili ra\u017enja, pogotovo \u010duveni leskova\u010dki specijaliteti sa ro\u0161tilja. Ali, primera radi, dobru zeljanicu, poje\u0161\u0107ete u svim krajevima Srbije.<\/p>\n<p>Knjiga je od\u0161tampana na dva jezika, srpskom i engleskom. Osim pomenutih 109 recepata, u knjizi se mo\u017ee pro\u010ditati kratak istorijat kulinarstva u Srbiji kao i o zna\u010daju tradicionalnog pripremanja hrane na ljudsko zdravlje.<\/p>\n<p>Bi\u0107e nam veoma veliko zadovoljstvo da ovu knjigu podelimo sa vama!<\/p>\n<h3>Tehni\u010dki podaci:<\/h3>\n<p>Format: 165 x 205 mm<br \/>\nBroj strana: 344 strane + tvrde korice + forzec<br \/>\nPapir: 96 strana: 90 gr \u0161amoa papir; 248 strana: 120 gr ofsetni papir<br \/>\nKorice: ka\u0161irana lepenka 2 mm<br \/>\nForzec: 160 gr ofsetni papir<br \/>\n\u0160tampa: 80 strana dvobojno; 260 strana kolorno; korice kolor; forzec kolor;<br \/>\nPlastifikacija: sjajno korice 1\/0<br \/>\nDorada: tvrd povez, okrugla rikna, tabaci \u0161iveni koncem<br \/>\nPakovano u termoskupljaju\u0107u foliju.<br \/>\nTe\u017eina knjige je oko 860 g.<\/p>\n<p>CIP \u2013 \u041a\u0430\u0442\u0430\u043b\u043e\u0433\u0438\u0437\u0430\u0446\u0438\u0458\u0430 \u0443 \u043f\u0443\u0431\u043b\u0438\u043a\u0430\u0446\u0438\u0458\u0438 \u2013 \u041d\u0430\u0440\u043e\u0434\u043d\u0430 \u0431\u0438\u0431\u043b\u0438\u043e\u0442\u0435\u043a\u0430 \u0421\u0440\u0431\u0438\u0458\u0435, \u0411\u0435\u043e\u0433\u0440\u0430\u0434<br \/>\n641.5(=163.41)(083.12)<br \/>\n\u0418\u041b\u0418\u040b, \u041c\u0438\u043e\u0434\u0440\u0430\u0433, 1960-<br \/>\n\u0422\u0440\u0430\u0434\u0438\u0446\u0438\u043e\u043d\u0430\u043b\u043d\u0438 \u0440\u0435\u0446\u0435\u043f\u0442\u0438 \u0434\u043e\u043c\u0430\u045b\u0435 \u0441\u0440\u043f\u0441\u043a\u0435 \u043a\u0443\u0445\u0438\u045a\u0435 \/ \u041c\u0438\u043e\u0434\u0440\u0430\u0433 \u0418\u043b\u0438\u045b ; [\u0444\u043e\u0442\u043e\u0433\u0440\u0430\u0444\u0438\u0458\u0435 \u041a\u0440\u0438\u0441\u0442\u0438\u043d\u0430 \u0413\u0430\u0448\u043f\u0430\u0440 \u2026 [\u0438 \u0434\u0440.] ; \u0438\u043b\u0443\u0441\u0442\u0440\u0430\u0442\u043e\u0440 \u0414\u0443\u0448\u0430\u043d \u041f\u0430\u0432\u043b\u0438\u045b ; \u043f\u0440\u0435\u0434\u0433\u043e\u0432\u043e\u0440 \u0421\u043b\u0430\u0452\u0430\u043d\u0430 \u0428\u043e\u0431\u0430\u0458\u0438\u045b ; \u043f\u0440\u0435\u0432\u043e\u0434 \u043d\u0430 \u0435\u043d\u0433\u043b\u0435\u0441\u043a\u0438 \u0416\u0435\u0459\u043a\u043e \u0421\u0442\u0430\u043d\u0438\u043c\u0438\u0440\u043e\u0432\u0438\u045b]. \u2013 \u0411\u0435\u043e\u0433\u0440\u0430\u0434 : Linkom-PC, 2018 (\u0411\u0435\u043e\u0433\u0440\u0430\u0434 : \u0410\u043b\u0442\u0430 \u041d\u043e\u0432\u0430). \u2013 341 \u0441\u0442\u0440. : \u0438\u043b\u0443\u0441\u0442\u0440. ;<br \/>\n21 cm<br \/>\n\u041d\u0430 \u0441\u043f\u043e\u0440. \u043d\u0430\u0441\u043b. \u0441\u0442\u0440.: Traditional Serbian food and recipes. \u2013 \u0423\u043f\u043e\u0440\u0435\u0434\u043e \u0441\u0440\u043f. \u0442\u0435\u043a\u0441\u0442 \u0438 \u0435\u043d\u0433\u043b. \u043f\u0440\u0435\u0432\u043e\u0434. \u2013 \u0422\u0438\u0440\u0430\u0436 1.000. \u2013 \u041f\u0440\u0435\u0434\u0433\u043e\u0432\u043e\u0440: \u0441\u0442\u0440. 15-21.<\/p>\n<p>ISBN 978-86-900340-0-0<\/p>\n<p>a) \u041a\u0443\u0432\u0430\u0440\u0441\u043a\u0438 \u0440\u0435\u0446\u0435\u043f\u0442\u0438, \u0441\u0440\u043f\u0441\u043a\u0438<br \/>\nCOBISS.SR-ID 261177612<\/p>\n<p><a href=\"http:\/\/tradicionalnirecepti.net\/rs\/miodrag-ilic-author-of-the-book\/\">Miodrag Ili\u0107\u00a0<\/a>0648897200 \u2013 miodrag[at]tradicionalnirecepti.net, miodrag[at]linkompc.com, miodrag[at]recepti-kuvar.rs<br \/>\n<em>autor<\/em><br \/>\n<em>\u010dlan UNS (Udru\u017eenje novinara Srbije)<\/em><\/p>\n<p><a href=\"http:\/\/tradicionalnirecepti.net\/rs\/where-you-can-buy-a-book-traditional-serbian-food-and-recipes\/\"><img loading=\"lazy\" decoding=\"async\" class=\"aligncenter wp-image-1510 size-medium\" src=\"http:\/\/tradicionalnirecepti.net\/wp-content\/uploads\/2018\/07\/Tradicionalni-recepti-domace-srpske-kuhinje-cir-porucite-knjigu-300x135-300x135.jpg\" alt=\"\" width=\"300\" height=\"135\" \/><\/a><em>Linkom-PC doo, Novi Beograd, Omladinskih brigada 83. Sva prava zadr\u017eana. All rights reserved.<\/em><\/p>","protected":false},"excerpt":{"rendered":"<p>Dragi \u010ditaoci, ukoliko \u017eelite da poru\u010dite knjigu ili su vam potrebne neke druge informacije, po\u0161aljite e-mail poruku na: miodrag[at]tradicionalnirecepti.com Kome je ova knjiga namenjena? Svima! Turistima, bilo da planiraju da &#8230;<\/p>\n","protected":false},"author":1,"featured_media":0,"parent":0,"menu_order":0,"comment_status":"closed","ping_status":"closed","template":"","meta":{"footnotes":""},"class_list":["post-1585","page","type-page","status-publish","hentry"],"yoast_head":"<!-- This site is optimized with the Yoast SEO plugin v22.1 - https:\/\/yoast.com\/wordpress\/plugins\/seo\/ -->\n<title>Kontakt | Tradicionalni recepti doma\u0107e srpske kuhinje<\/title>\n<meta name=\"description\" content=\"Kontakt. Kome je ova knjiga namenjena? Svima! Turistima, bilo da planiraju da odmor provedu u Srbiji, ili da Srbiju posete zbog posla.\" \/>\n<meta name=\"robots\" content=\"index, follow, max-snippet:-1, max-image-preview:large, max-video-preview:-1\" \/>\n<link rel=\"canonical\" href=\"https:\/\/tradicionalnirecepti.net\/rs\/contact\/\" \/>\n<meta property=\"og:locale\" content=\"sr_RS\" \/>\n<meta property=\"og:type\" content=\"article\" \/>\n<meta property=\"og:title\" content=\"Kontakt | Tradicionalni recepti doma\u0107e srpske kuhinje\" \/>\n<meta property=\"og:description\" content=\"Kontakt. Kome je ova knjiga namenjena? Svima! Turistima, bilo da planiraju da odmor provedu u Srbiji, ili da Srbiju posete zbog posla.\" \/>\n<meta property=\"og:url\" content=\"https:\/\/tradicionalnirecepti.net\/rs\/contact\/\" \/>\n<meta property=\"og:site_name\" content=\"Tradicionalni recepti doma\u0107e srpske kuhinje\" \/>\n<meta property=\"article:modified_time\" content=\"2021-04-08T07:13:15+00:00\" \/>\n<meta property=\"og:image\" content=\"http:\/\/tradicionalnirecepti.net\/wp-content\/uploads\/2018\/07\/Tradicionalni-recepti-domace-srpske-kuhinje-cir-porucite-knjigu-300x135-300x135.jpg\" \/>\n<meta name=\"twitter:card\" content=\"summary_large_image\" \/>\n<meta name=\"twitter:label1\" content=\"\u041f\u0440\u043e\u0446\u0435\u045a\u0435\u043d\u043e \u0432\u0440\u0435\u043c\u0435 \u0447\u0438\u0442\u0430\u045a\u0430\" \/>\n\t<meta name=\"twitter:data1\" content=\"3 \u043c\u0438\u043d\u0443\u0442\u0430\" \/>\n<script type=\"application\/ld+json\" class=\"yoast-schema-graph\">{\"@context\":\"https:\/\/schema.org\",\"@graph\":[{\"@type\":\"WebPage\",\"@id\":\"https:\/\/tradicionalnirecepti.net\/rs\/contact\/\",\"url\":\"https:\/\/tradicionalnirecepti.net\/rs\/contact\/\",\"name\":\"Kontakt | Tradicionalni recepti doma\u0107e srpske kuhinje\",\"isPartOf\":{\"@id\":\"https:\/\/tradicionalnirecepti.net\/#website\"},\"datePublished\":\"2018-10-09T07:17:13+00:00\",\"dateModified\":\"2021-04-08T07:13:15+00:00\",\"description\":\"Kontakt. Kome je ova knjiga namenjena? Svima! Turistima, bilo da planiraju da odmor provedu u Srbiji, ili da Srbiju posete zbog posla.\",\"breadcrumb\":{\"@id\":\"https:\/\/tradicionalnirecepti.net\/rs\/contact\/#breadcrumb\"},\"inLanguage\":\"sr-RS\",\"potentialAction\":[{\"@type\":\"ReadAction\",\"target\":[\"https:\/\/tradicionalnirecepti.net\/rs\/contact\/\"]}]},{\"@type\":\"BreadcrumbList\",\"@id\":\"https:\/\/tradicionalnirecepti.net\/rs\/contact\/#breadcrumb\",\"itemListElement\":[{\"@type\":\"ListItem\",\"position\":1,\"name\":\"Home\",\"item\":\"https:\/\/tradicionalnirecepti.net\/\"},{\"@type\":\"ListItem\",\"position\":2,\"name\":\"Kontakt\"}]},{\"@type\":\"WebSite\",\"@id\":\"https:\/\/tradicionalnirecepti.net\/#website\",\"url\":\"https:\/\/tradicionalnirecepti.net\/\",\"name\":\"Tradicionalni recepti doma\u0107e srpske kuhinje\",\"description\":\"Tradicionalni recepti doma\u0107e srpske kuhinje\",\"potentialAction\":[{\"@type\":\"SearchAction\",\"target\":{\"@type\":\"EntryPoint\",\"urlTemplate\":\"https:\/\/tradicionalnirecepti.net\/?s={search_term_string}\"},\"query-input\":\"required name=search_term_string\"}],\"inLanguage\":\"sr-RS\"}]}<\/script>\n<!-- \/ Yoast SEO plugin. -->","yoast_head_json":{"title":"Kontakt | Tradicionalni recepti doma\u0107e srpske kuhinje","description":"Kontakt. Kome je ova knjiga namenjena? Svima! Turistima, bilo da planiraju da odmor provedu u Srbiji, ili da Srbiju posete zbog posla.","robots":{"index":"index","follow":"follow","max-snippet":"max-snippet:-1","max-image-preview":"max-image-preview:large","max-video-preview":"max-video-preview:-1"},"canonical":"https:\/\/tradicionalnirecepti.net\/rs\/contact\/","og_locale":"sr_RS","og_type":"article","og_title":"Kontakt | Tradicionalni recepti doma\u0107e srpske kuhinje","og_description":"Kontakt. Kome je ova knjiga namenjena? Svima! Turistima, bilo da planiraju da odmor provedu u Srbiji, ili da Srbiju posete zbog posla.","og_url":"https:\/\/tradicionalnirecepti.net\/rs\/contact\/","og_site_name":"Tradicionalni recepti doma\u0107e srpske kuhinje","article_modified_time":"2021-04-08T07:13:15+00:00","og_image":[{"url":"http:\/\/tradicionalnirecepti.net\/wp-content\/uploads\/2018\/07\/Tradicionalni-recepti-domace-srpske-kuhinje-cir-porucite-knjigu-300x135-300x135.jpg"}],"twitter_card":"summary_large_image","twitter_misc":{"\u041f\u0440\u043e\u0446\u0435\u045a\u0435\u043d\u043e \u0432\u0440\u0435\u043c\u0435 \u0447\u0438\u0442\u0430\u045a\u0430":"3 \u043c\u0438\u043d\u0443\u0442\u0430"},"schema":{"@context":"https:\/\/schema.org","@graph":[{"@type":"WebPage","@id":"https:\/\/tradicionalnirecepti.net\/rs\/contact\/","url":"https:\/\/tradicionalnirecepti.net\/rs\/contact\/","name":"Kontakt | Tradicionalni recepti doma\u0107e srpske kuhinje","isPartOf":{"@id":"https:\/\/tradicionalnirecepti.net\/#website"},"datePublished":"2018-10-09T07:17:13+00:00","dateModified":"2021-04-08T07:13:15+00:00","description":"Kontakt. Kome je ova knjiga namenjena? Svima! Turistima, bilo da planiraju da odmor provedu u Srbiji, ili da Srbiju posete zbog posla.","breadcrumb":{"@id":"https:\/\/tradicionalnirecepti.net\/rs\/contact\/#breadcrumb"},"inLanguage":"sr-RS","potentialAction":[{"@type":"ReadAction","target":["https:\/\/tradicionalnirecepti.net\/rs\/contact\/"]}]},{"@type":"BreadcrumbList","@id":"https:\/\/tradicionalnirecepti.net\/rs\/contact\/#breadcrumb","itemListElement":[{"@type":"ListItem","position":1,"name":"Home","item":"https:\/\/tradicionalnirecepti.net\/"},{"@type":"ListItem","position":2,"name":"Kontakt"}]},{"@type":"WebSite","@id":"https:\/\/tradicionalnirecepti.net\/#website","url":"https:\/\/tradicionalnirecepti.net\/","name":"Tradicionalni recepti doma\u0107e srpske kuhinje","description":"Tradicionalni recepti doma\u0107e srpske kuhinje","potentialAction":[{"@type":"SearchAction","target":{"@type":"EntryPoint","urlTemplate":"https:\/\/tradicionalnirecepti.net\/?s={search_term_string}"},"query-input":"required name=search_term_string"}],"inLanguage":"sr-RS"}]}},"_links":{"self":[{"href":"https:\/\/tradicionalnirecepti.net\/rs\/wp-json\/wp\/v2\/pages\/1585","targetHints":{"allow":["GET"]}}],"collection":[{"href":"https:\/\/tradicionalnirecepti.net\/rs\/wp-json\/wp\/v2\/pages"}],"about":[{"href":"https:\/\/tradicionalnirecepti.net\/rs\/wp-json\/wp\/v2\/types\/page"}],"author":[{"embeddable":true,"href":"https:\/\/tradicionalnirecepti.net\/rs\/wp-json\/wp\/v2\/users\/1"}],"replies":[{"embeddable":true,"href":"https:\/\/tradicionalnirecepti.net\/rs\/wp-json\/wp\/v2\/comments?post=1585"}],"version-history":[{"count":5,"href":"https:\/\/tradicionalnirecepti.net\/rs\/wp-json\/wp\/v2\/pages\/1585\/revisions"}],"predecessor-version":[{"id":1683,"href":"https:\/\/tradicionalnirecepti.net\/rs\/wp-json\/wp\/v2\/pages\/1585\/revisions\/1683"}],"wp:attachment":[{"href":"https:\/\/tradicionalnirecepti.net\/rs\/wp-json\/wp\/v2\/media?parent=1585"}],"curies":[{"name":"wp","href":"https:\/\/api.w.org\/{rel}","templated":true}]}}