{"id":1601,"date":"2018-11-21T09:24:05","date_gmt":"2018-11-21T09:24:05","guid":{"rendered":"http:\/\/tradicionalnirecepti.net\/?page_id=1601"},"modified":"2018-11-21T09:47:19","modified_gmt":"2018-11-21T09:47:19","slug":"buy-a-book-traditional-serbian-food-and-recipes","status":"publish","type":"page","link":"https:\/\/tradicionalnirecepti.net\/rs\/buy-a-book-traditional-serbian-food-and-recipes\/","title":{"rendered":"Kupite knjigu Tradicionalni recepti doma\u0107e srpske kuhinje"},"content":{"rendered":"<p><em><strong>Knjiga je najbolji \u010dovekov prijatelj, a knjiga Tradicionalni recepti doma\u0107e srpske kuhinje je idealan poklon za Slavu, cenjenog poslovnog partnera, turiste, svakog ko je zainteresovan da \u010duje ne\u0161to novo o istoriji kulinarstva u Srbiji!<\/strong><\/em><\/p>\n<p style=\"text-align: center;\"><a href=\"mailto:miodrag@tradicionalnirecepti.net\"><strong>Poru\u010dite knjigu Tradicionalni recepti doma\u0107e srpske kuhinje od izdava\u010da &gt;&gt;&gt;<\/strong><\/a><\/p>\n<h3>Kome je knjiga Tradicionalni recepti doma\u0107e srpske kuhinje namenjena?<\/h3>\n<p>Svima! Turistima, bilo da planiraju da odmor provedu u Srbiji, ili da Srbiju posete zbog posla. Dijaspori, da se svi koje greje \u201cSunce tu\u0111eg neba&#8230;\u201d, podsete na neka od zaboravljenih jela i \u201cnahrane\u201d svoju nostaligiju, kao i da sa velikim ponosom poklone primerak knjige nekoj dragoj osobi, da bi pokazali iz kakve zemlje dolaze. Iskusnim kuvarima, a i neiskusnim po\u010detnicima, koji \u0107e imati priliku da isprobaju svoje znanje, nakon \u010ditanja ove knjige.<\/p>\n<p><a href=\"mailto:miodrag@tradicionalnirecepti.net\"><img loading=\"lazy\" decoding=\"async\" class=\"aligncenter wp-image-1510 size-medium\" src=\"http:\/\/tradicionalnirecepti.net\/wp-content\/uploads\/2018\/07\/Tradicionalni-recepti-domace-srpske-kuhinje-cir-porucite-knjigu-300x135-300x135.jpg\" alt=\"\" width=\"300\" height=\"135\" \/><\/a><\/p>\n<p style=\"text-align: center;\"><a href=\"mailto:miodrag@tradicionalnirecepti.net\"><strong>Poru\u010dite knjigu Tradicionalni recepti doma\u0107e srpske kuhinje od izdava\u010da &gt;&gt;&gt;<\/strong><\/a><\/p>\n<p><div id='gallery-1' class='gallery galleryid-1601 gallery-columns-3 gallery-size-medium'><figure class='gallery-item'>\n\t\t\t<div class='gallery-icon landscape'>\n\t\t\t\t<a href='https:\/\/tradicionalnirecepti.net\/rs\/gallery\/20180422_134456\/'><img loading=\"lazy\" decoding=\"async\" width=\"300\" height=\"225\" src=\"https:\/\/tradicionalnirecepti.net\/wp-content\/uploads\/2018\/07\/20180422_134456-300x225.jpg\" class=\"attachment-medium size-medium\" alt=\"Knjiga Tradicionalni recepti doma\u0107e srpske kuhinje\" aria-describedby=\"gallery-1-1465\" srcset=\"https:\/\/tradicionalnirecepti.net\/wp-content\/uploads\/2018\/07\/20180422_134456-300x225.jpg 300w, https:\/\/tradicionalnirecepti.net\/wp-content\/uploads\/2018\/07\/20180422_134456-768x576.jpg 768w, https:\/\/tradicionalnirecepti.net\/wp-content\/uploads\/2018\/07\/20180422_134456.jpg 886w\" sizes=\"auto, (max-width: 300px) 100vw, 300px\" \/><\/a>\n\t\t\t<\/div>\n\t\t\t\t<figcaption class='wp-caption-text gallery-caption' id='gallery-1-1465'>\n\t\t\t\tKnjiga Tradicionalni recepti doma\u0107e srpske kuhinje\n\t\t\t\t<\/figcaption><\/figure><figure class='gallery-item'>\n\t\t\t<div class='gallery-icon landscape'>\n\t\t\t\t<a href='https:\/\/tradicionalnirecepti.net\/rs\/buy-a-book-traditional-serbian-food-and-recipes\/slikarstvo-katalog-2\/'><img loading=\"lazy\" decoding=\"async\" width=\"300\" height=\"200\" src=\"https:\/\/tradicionalnirecepti.net\/wp-content\/uploads\/2018\/11\/Tradicionalni-recepti-domace-srpske-kuhinje_56-57-300x200.jpg\" class=\"attachment-medium size-medium\" alt=\"Knjiga Tradicionalni recepti doma\u0107e srpske kuhinje\" aria-describedby=\"gallery-1-1605\" srcset=\"https:\/\/tradicionalnirecepti.net\/wp-content\/uploads\/2018\/11\/Tradicionalni-recepti-domace-srpske-kuhinje_56-57-300x200.jpg 300w, https:\/\/tradicionalnirecepti.net\/wp-content\/uploads\/2018\/11\/Tradicionalni-recepti-domace-srpske-kuhinje_56-57-768x512.jpg 768w, https:\/\/tradicionalnirecepti.net\/wp-content\/uploads\/2018\/11\/Tradicionalni-recepti-domace-srpske-kuhinje_56-57-1024x683.jpg 1024w\" sizes=\"auto, (max-width: 300px) 100vw, 300px\" \/><\/a>\n\t\t\t<\/div>\n\t\t\t\t<figcaption class='wp-caption-text gallery-caption' id='gallery-1-1605'>\n\t\t\t\tKnjiga Tradicionalni recepti doma\u0107e srpske kuhinje\n\t\t\t\t<\/figcaption><\/figure><figure class='gallery-item'>\n\t\t\t<div class='gallery-icon landscape'>\n\t\t\t\t<a href='https:\/\/tradicionalnirecepti.net\/rs\/buy-a-book-traditional-serbian-food-and-recipes\/slikarstvo-katalog-5\/'><img loading=\"lazy\" decoding=\"async\" width=\"300\" height=\"200\" src=\"https:\/\/tradicionalnirecepti.net\/wp-content\/uploads\/2018\/11\/Tradicionalni-recepti-domace-srpske-kuhinje_266-267-300x200.jpg\" class=\"attachment-medium size-medium\" alt=\"Knjiga Tradicionalni recepti doma\u0107e srpske kuhinje\" aria-describedby=\"gallery-1-1608\" srcset=\"https:\/\/tradicionalnirecepti.net\/wp-content\/uploads\/2018\/11\/Tradicionalni-recepti-domace-srpske-kuhinje_266-267-300x200.jpg 300w, https:\/\/tradicionalnirecepti.net\/wp-content\/uploads\/2018\/11\/Tradicionalni-recepti-domace-srpske-kuhinje_266-267-768x512.jpg 768w, https:\/\/tradicionalnirecepti.net\/wp-content\/uploads\/2018\/11\/Tradicionalni-recepti-domace-srpske-kuhinje_266-267-1024x683.jpg 1024w\" sizes=\"auto, (max-width: 300px) 100vw, 300px\" \/><\/a>\n\t\t\t<\/div>\n\t\t\t\t<figcaption class='wp-caption-text gallery-caption' id='gallery-1-1608'>\n\t\t\t\tKnjiga Tradicionalni recepti doma\u0107e srpske kuhinje\n\t\t\t\t<\/figcaption><\/figure><figure class='gallery-item'>\n\t\t\t<div class='gallery-icon landscape'>\n\t\t\t\t<a href='https:\/\/tradicionalnirecepti.net\/rs\/buy-a-book-traditional-serbian-food-and-recipes\/slikarstvo-katalog-6\/'><img loading=\"lazy\" decoding=\"async\" width=\"300\" height=\"200\" src=\"https:\/\/tradicionalnirecepti.net\/wp-content\/uploads\/2018\/11\/Tradicionalni-recepti-domace-srpske-kuhinje_304-305-300x200.jpg\" class=\"attachment-medium size-medium\" alt=\"Knjiga Tradicionalni recepti doma\u0107e srpske kuhinje\" aria-describedby=\"gallery-1-1609\" srcset=\"https:\/\/tradicionalnirecepti.net\/wp-content\/uploads\/2018\/11\/Tradicionalni-recepti-domace-srpske-kuhinje_304-305-300x200.jpg 300w, https:\/\/tradicionalnirecepti.net\/wp-content\/uploads\/2018\/11\/Tradicionalni-recepti-domace-srpske-kuhinje_304-305-768x512.jpg 768w, https:\/\/tradicionalnirecepti.net\/wp-content\/uploads\/2018\/11\/Tradicionalni-recepti-domace-srpske-kuhinje_304-305-1024x683.jpg 1024w\" sizes=\"auto, (max-width: 300px) 100vw, 300px\" \/><\/a>\n\t\t\t<\/div>\n\t\t\t\t<figcaption class='wp-caption-text gallery-caption' id='gallery-1-1609'>\n\t\t\t\tKnjiga Tradicionalni recepti doma\u0107e srpske kuhinje\n\t\t\t\t<\/figcaption><\/figure><figure class='gallery-item'>\n\t\t\t<div class='gallery-icon landscape'>\n\t\t\t\t<a href='https:\/\/tradicionalnirecepti.net\/rs\/gallery\/20180422_134542\/'><img loading=\"lazy\" decoding=\"async\" width=\"300\" height=\"225\" src=\"https:\/\/tradicionalnirecepti.net\/wp-content\/uploads\/2018\/07\/20180422_134542-300x225.jpg\" class=\"attachment-medium size-medium\" alt=\"Knjiga Tradicionalni recepti doma\u0107e srpske kuhinje\" aria-describedby=\"gallery-1-1466\" srcset=\"https:\/\/tradicionalnirecepti.net\/wp-content\/uploads\/2018\/07\/20180422_134542-300x225.jpg 300w, https:\/\/tradicionalnirecepti.net\/wp-content\/uploads\/2018\/07\/20180422_134542-768x576.jpg 768w, https:\/\/tradicionalnirecepti.net\/wp-content\/uploads\/2018\/07\/20180422_134542.jpg 886w\" sizes=\"auto, (max-width: 300px) 100vw, 300px\" \/><\/a>\n\t\t\t<\/div>\n\t\t\t\t<figcaption class='wp-caption-text gallery-caption' id='gallery-1-1466'>\n\t\t\t\tKnjiga Tradicionalni recepti doma\u0107e srpske kuhinje\n\t\t\t\t<\/figcaption><\/figure><figure class='gallery-item'>\n\t\t\t<div class='gallery-icon landscape'>\n\t\t\t\t<a href='https:\/\/tradicionalnirecepti.net\/rs\/buy-a-book-traditional-serbian-food-and-recipes\/slikarstvo-katalog-4\/'><img loading=\"lazy\" decoding=\"async\" width=\"300\" height=\"200\" src=\"https:\/\/tradicionalnirecepti.net\/wp-content\/uploads\/2018\/11\/Tradicionalni-recepti-domace-srpske-kuhinje_104-105-300x200.jpg\" class=\"attachment-medium size-medium\" alt=\"Knjiga Tradicionalni recepti doma\u0107e srpske kuhinje\" aria-describedby=\"gallery-1-1607\" srcset=\"https:\/\/tradicionalnirecepti.net\/wp-content\/uploads\/2018\/11\/Tradicionalni-recepti-domace-srpske-kuhinje_104-105-300x200.jpg 300w, https:\/\/tradicionalnirecepti.net\/wp-content\/uploads\/2018\/11\/Tradicionalni-recepti-domace-srpske-kuhinje_104-105-768x512.jpg 768w, https:\/\/tradicionalnirecepti.net\/wp-content\/uploads\/2018\/11\/Tradicionalni-recepti-domace-srpske-kuhinje_104-105-1024x683.jpg 1024w\" sizes=\"auto, (max-width: 300px) 100vw, 300px\" \/><\/a>\n\t\t\t<\/div>\n\t\t\t\t<figcaption class='wp-caption-text gallery-caption' id='gallery-1-1607'>\n\t\t\t\tKnjiga Tradicionalni recepti doma\u0107e srpske kuhinje\n\t\t\t\t<\/figcaption><\/figure><figure class='gallery-item'>\n\t\t\t<div class='gallery-icon landscape'>\n\t\t\t\t<a href='https:\/\/tradicionalnirecepti.net\/rs\/gallery\/20180422_134618\/'><img loading=\"lazy\" decoding=\"async\" width=\"300\" height=\"225\" src=\"https:\/\/tradicionalnirecepti.net\/wp-content\/uploads\/2018\/07\/20180422_134618-300x225.jpg\" class=\"attachment-medium size-medium\" alt=\"Knjiga Tradicionalni recepti doma\u0107e srpske kuhinje\" aria-describedby=\"gallery-1-1467\" srcset=\"https:\/\/tradicionalnirecepti.net\/wp-content\/uploads\/2018\/07\/20180422_134618-300x225.jpg 300w, https:\/\/tradicionalnirecepti.net\/wp-content\/uploads\/2018\/07\/20180422_134618-768x576.jpg 768w, https:\/\/tradicionalnirecepti.net\/wp-content\/uploads\/2018\/07\/20180422_134618.jpg 886w\" sizes=\"auto, (max-width: 300px) 100vw, 300px\" \/><\/a>\n\t\t\t<\/div>\n\t\t\t\t<figcaption class='wp-caption-text gallery-caption' id='gallery-1-1467'>\n\t\t\t\tKnjiga Tradicionalni recepti doma\u0107e srpske kuhinje\n\t\t\t\t<\/figcaption><\/figure><figure class='gallery-item'>\n\t\t\t<div class='gallery-icon landscape'>\n\t\t\t\t<a href='https:\/\/tradicionalnirecepti.net\/rs\/buy-a-book-traditional-serbian-food-and-recipes\/slikarstvo-katalog\/'><img loading=\"lazy\" decoding=\"async\" width=\"300\" height=\"200\" src=\"https:\/\/tradicionalnirecepti.net\/wp-content\/uploads\/2018\/11\/Tradicionalni-recepti-domace-srpske-kuhinje_54-55-300x200.jpg\" class=\"attachment-medium size-medium\" alt=\"Knjiga Tradicionalni recepti doma\u0107e srpske kuhinje\" aria-describedby=\"gallery-1-1604\" srcset=\"https:\/\/tradicionalnirecepti.net\/wp-content\/uploads\/2018\/11\/Tradicionalni-recepti-domace-srpske-kuhinje_54-55-300x200.jpg 300w, https:\/\/tradicionalnirecepti.net\/wp-content\/uploads\/2018\/11\/Tradicionalni-recepti-domace-srpske-kuhinje_54-55-768x512.jpg 768w, https:\/\/tradicionalnirecepti.net\/wp-content\/uploads\/2018\/11\/Tradicionalni-recepti-domace-srpske-kuhinje_54-55-1024x683.jpg 1024w\" sizes=\"auto, (max-width: 300px) 100vw, 300px\" \/><\/a>\n\t\t\t<\/div>\n\t\t\t\t<figcaption class='wp-caption-text gallery-caption' id='gallery-1-1604'>\n\t\t\t\tKnjiga Tradicionalni recepti doma\u0107e srpske kuhinje\n\t\t\t\t<\/figcaption><\/figure><figure class='gallery-item'>\n\t\t\t<div class='gallery-icon landscape'>\n\t\t\t\t<a href='https:\/\/tradicionalnirecepti.net\/rs\/buy-a-book-traditional-serbian-food-and-recipes\/tradicionalni-recepti-domace-srpske-kuhinje-pindjur\/'><img loading=\"lazy\" decoding=\"async\" width=\"300\" height=\"225\" src=\"https:\/\/tradicionalnirecepti.net\/wp-content\/uploads\/2018\/11\/Tradicionalni-recepti-domace-srpske-kuhinje-pindjur-300x225.jpg\" class=\"attachment-medium size-medium\" alt=\"Knjiga Tradicionalni recepti doma\u0107e srpske kuhinje\" aria-describedby=\"gallery-1-1603\" srcset=\"https:\/\/tradicionalnirecepti.net\/wp-content\/uploads\/2018\/11\/Tradicionalni-recepti-domace-srpske-kuhinje-pindjur-300x225.jpg 300w, https:\/\/tradicionalnirecepti.net\/wp-content\/uploads\/2018\/11\/Tradicionalni-recepti-domace-srpske-kuhinje-pindjur-768x576.jpg 768w, https:\/\/tradicionalnirecepti.net\/wp-content\/uploads\/2018\/11\/Tradicionalni-recepti-domace-srpske-kuhinje-pindjur.jpg 886w\" sizes=\"auto, (max-width: 300px) 100vw, 300px\" \/><\/a>\n\t\t\t<\/div>\n\t\t\t\t<figcaption class='wp-caption-text gallery-caption' id='gallery-1-1603'>\n\t\t\t\tKnjiga Tradicionalni recepti doma\u0107e srpske kuhinje\n\t\t\t\t<\/figcaption><\/figure><figure class='gallery-item'>\n\t\t\t<div class='gallery-icon landscape'>\n\t\t\t\t<a href='https:\/\/tradicionalnirecepti.net\/rs\/buy-a-book-traditional-serbian-food-and-recipes\/slikarstvo-katalog-3\/'><img loading=\"lazy\" decoding=\"async\" width=\"300\" height=\"200\" src=\"https:\/\/tradicionalnirecepti.net\/wp-content\/uploads\/2018\/11\/Tradicionalni-recepti-domace-srpske-kuhinje_88-89-300x200.jpg\" class=\"attachment-medium size-medium\" alt=\"Knjiga Tradicionalni recepti doma\u0107e srpske kuhinje\" aria-describedby=\"gallery-1-1606\" srcset=\"https:\/\/tradicionalnirecepti.net\/wp-content\/uploads\/2018\/11\/Tradicionalni-recepti-domace-srpske-kuhinje_88-89-300x200.jpg 300w, https:\/\/tradicionalnirecepti.net\/wp-content\/uploads\/2018\/11\/Tradicionalni-recepti-domace-srpske-kuhinje_88-89-768x512.jpg 768w, https:\/\/tradicionalnirecepti.net\/wp-content\/uploads\/2018\/11\/Tradicionalni-recepti-domace-srpske-kuhinje_88-89-1024x683.jpg 1024w\" sizes=\"auto, (max-width: 300px) 100vw, 300px\" \/><\/a>\n\t\t\t<\/div>\n\t\t\t\t<figcaption class='wp-caption-text gallery-caption' id='gallery-1-1606'>\n\t\t\t\tKnjiga Tradicionalni recepti doma\u0107e srpske kuhinje\n\t\t\t\t<\/figcaption><\/figure><figure class='gallery-item'>\n\t\t\t<div class='gallery-icon portrait'>\n\t\t\t\t<a href='https:\/\/tradicionalnirecepti.net\/rs\/gallery\/20180422_134354\/'><img loading=\"lazy\" decoding=\"async\" width=\"225\" height=\"300\" src=\"https:\/\/tradicionalnirecepti.net\/wp-content\/uploads\/2018\/07\/20180422_134354-225x300.jpg\" class=\"attachment-medium size-medium\" alt=\"Knjiga Tradicionalni recepti doma\u0107e srpske kuhinje\" aria-describedby=\"gallery-1-1463\" srcset=\"https:\/\/tradicionalnirecepti.net\/wp-content\/uploads\/2018\/07\/20180422_134354-225x300.jpg 225w, https:\/\/tradicionalnirecepti.net\/wp-content\/uploads\/2018\/07\/20180422_134354.jpg 591w\" sizes=\"auto, (max-width: 225px) 100vw, 225px\" \/><\/a>\n\t\t\t<\/div>\n\t\t\t\t<figcaption class='wp-caption-text gallery-caption' id='gallery-1-1463'>\n\t\t\t\tKnjiga Tradicionalni recepti doma\u0107e srpske kuhinje\n\t\t\t\t<\/figcaption><\/figure><figure class='gallery-item'>\n\t\t\t<div class='gallery-icon landscape'>\n\t\t\t\t<a href='https:\/\/tradicionalnirecepti.net\/rs\/gallery\/20180422_134428\/'><img loading=\"lazy\" decoding=\"async\" width=\"300\" height=\"225\" src=\"https:\/\/tradicionalnirecepti.net\/wp-content\/uploads\/2018\/07\/20180422_134428-300x225.jpg\" class=\"attachment-medium size-medium\" alt=\"\" srcset=\"https:\/\/tradicionalnirecepti.net\/wp-content\/uploads\/2018\/07\/20180422_134428-300x225.jpg 300w, https:\/\/tradicionalnirecepti.net\/wp-content\/uploads\/2018\/07\/20180422_134428-768x576.jpg 768w, https:\/\/tradicionalnirecepti.net\/wp-content\/uploads\/2018\/07\/20180422_134428.jpg 886w\" sizes=\"auto, (max-width: 300px) 100vw, 300px\" \/><\/a>\n\t\t\t<\/div><\/figure>\n\t\t<\/div>\n<\/p>","protected":false},"excerpt":{"rendered":"<p>Knjiga je najbolji \u010dovekov prijatelj, a knjiga Tradicionalni recepti doma\u0107e srpske kuhinje je idealan poklon za Slavu, cenjenog poslovnog partnera, turiste, svakog ko je zainteresovan da \u010duje ne\u0161to novo o &#8230;<\/p>\n","protected":false},"author":1,"featured_media":0,"parent":0,"menu_order":0,"comment_status":"closed","ping_status":"closed","template":"","meta":{"footnotes":""},"class_list":["post-1601","page","type-page","status-publish","hentry"],"yoast_head":"<!-- This site is optimized with the Yoast SEO plugin v22.1 - https:\/\/yoast.com\/wordpress\/plugins\/seo\/ -->\n<title>Kupite knjigu Tradicionalni recepti doma\u0107e srpske kuhinje | Tradicionalni recepti doma\u0107e srpske kuhinje<\/title>\n<meta name=\"description\" content=\"(Srpski) Knjiga je najbolji \u010dovekov prijatelj, a knjige Tradicionalni recepti doma\u0107e srpske kuhinje je idealan poklon za Slavu, cenjenog poslovnog partnera, turistima, svakom ko je zainteresovan da \u010duje ne\u0161to novo o istoriji kulinarstva u Srbiji!\" \/>\n<meta name=\"robots\" content=\"index, follow, max-snippet:-1, max-image-preview:large, max-video-preview:-1\" \/>\n<link rel=\"canonical\" href=\"https:\/\/tradicionalnirecepti.net\/buy-a-book-traditional-serbian-food-and-recipes\/\" \/>\n<meta property=\"og:locale\" content=\"sr_RS\" \/>\n<meta property=\"og:type\" content=\"article\" \/>\n<meta property=\"og:title\" content=\"Kupite knjigu Tradicionalni recepti doma\u0107e srpske kuhinje | Tradicionalni recepti doma\u0107e srpske kuhinje\" \/>\n<meta property=\"og:description\" content=\"(Srpski) Knjiga je najbolji \u010dovekov prijatelj, a knjige Tradicionalni recepti doma\u0107e srpske kuhinje je idealan poklon za Slavu, cenjenog poslovnog partnera, turistima, svakom ko je zainteresovan da \u010duje ne\u0161to novo o istoriji kulinarstva u Srbiji!\" \/>\n<meta property=\"og:url\" content=\"https:\/\/tradicionalnirecepti.net\/buy-a-book-traditional-serbian-food-and-recipes\/\" \/>\n<meta property=\"og:site_name\" content=\"Tradicionalni recepti doma\u0107e srpske kuhinje\" \/>\n<meta property=\"article:modified_time\" content=\"2018-11-21T09:47:19+00:00\" \/>\n<meta property=\"og:image\" content=\"https:\/\/tradicionalnirecepti.net\/wp-content\/uploads\/2018\/11\/Tradicionalni-recepti-domace-srpske-kuhinje_104-105-300x200.jpg\" \/>\n<meta name=\"twitter:card\" content=\"summary_large_image\" \/>\n<meta name=\"twitter:label1\" content=\"\u041f\u0440\u043e\u0446\u0435\u045a\u0435\u043d\u043e \u0432\u0440\u0435\u043c\u0435 \u0447\u0438\u0442\u0430\u045a\u0430\" \/>\n\t<meta name=\"twitter:data1\" content=\"2 \u043c\u0438\u043d\u0443\u0442\u0430\" \/>\n<script type=\"application\/ld+json\" class=\"yoast-schema-graph\">{\"@context\":\"https:\/\/schema.org\",\"@graph\":[{\"@type\":\"WebPage\",\"@id\":\"https:\/\/tradicionalnirecepti.net\/buy-a-book-traditional-serbian-food-and-recipes\/\",\"url\":\"https:\/\/tradicionalnirecepti.net\/buy-a-book-traditional-serbian-food-and-recipes\/\",\"name\":\"Kupite knjigu Tradicionalni recepti doma\u0107e srpske kuhinje | Tradicionalni recepti doma\u0107e srpske kuhinje\",\"isPartOf\":{\"@id\":\"http:\/\/tradicionalnirecepti.net\/#website\"},\"datePublished\":\"2018-11-21T09:24:05+00:00\",\"dateModified\":\"2018-11-21T09:47:19+00:00\",\"description\":\"(Srpski) Knjiga je najbolji \u010dovekov prijatelj, a knjige Tradicionalni recepti doma\u0107e srpske kuhinje je idealan poklon za Slavu, cenjenog poslovnog partnera, turistima, svakom ko je zainteresovan da \u010duje ne\u0161to novo o istoriji kulinarstva u Srbiji!\",\"breadcrumb\":{\"@id\":\"https:\/\/tradicionalnirecepti.net\/buy-a-book-traditional-serbian-food-and-recipes\/#breadcrumb\"},\"inLanguage\":\"sr-RS\",\"potentialAction\":[{\"@type\":\"ReadAction\",\"target\":[\"https:\/\/tradicionalnirecepti.net\/buy-a-book-traditional-serbian-food-and-recipes\/\"]}]},{\"@type\":\"BreadcrumbList\",\"@id\":\"https:\/\/tradicionalnirecepti.net\/buy-a-book-traditional-serbian-food-and-recipes\/#breadcrumb\",\"itemListElement\":[{\"@type\":\"ListItem\",\"position\":1,\"name\":\"Home\",\"item\":\"http:\/\/tradicionalnirecepti.net\/\"},{\"@type\":\"ListItem\",\"position\":2,\"name\":\"Buy a book Traditional Serbian food and recipes\"}]},{\"@type\":\"WebSite\",\"@id\":\"http:\/\/tradicionalnirecepti.net\/#website\",\"url\":\"http:\/\/tradicionalnirecepti.net\/\",\"name\":\"Tradicionalni recepti doma\u0107e srpske kuhinje\",\"description\":\"Tradicionalni recepti doma\u0107e srpske kuhinje\",\"potentialAction\":[{\"@type\":\"SearchAction\",\"target\":{\"@type\":\"EntryPoint\",\"urlTemplate\":\"http:\/\/tradicionalnirecepti.net\/?s={search_term_string}\"},\"query-input\":\"required name=search_term_string\"}],\"inLanguage\":\"sr-RS\"}]}<\/script>\n<!-- \/ Yoast SEO plugin. -->","yoast_head_json":{"title":"Kupite knjigu Tradicionalni recepti doma\u0107e srpske kuhinje | Tradicionalni recepti doma\u0107e srpske kuhinje","description":"(Srpski) Knjiga je najbolji \u010dovekov prijatelj, a knjige Tradicionalni recepti doma\u0107e srpske kuhinje je idealan poklon za Slavu, cenjenog poslovnog partnera, turistima, svakom ko je zainteresovan da \u010duje ne\u0161to novo o istoriji kulinarstva u Srbiji!","robots":{"index":"index","follow":"follow","max-snippet":"max-snippet:-1","max-image-preview":"max-image-preview:large","max-video-preview":"max-video-preview:-1"},"canonical":"https:\/\/tradicionalnirecepti.net\/buy-a-book-traditional-serbian-food-and-recipes\/","og_locale":"sr_RS","og_type":"article","og_title":"Kupite knjigu Tradicionalni recepti doma\u0107e srpske kuhinje | Tradicionalni recepti doma\u0107e srpske kuhinje","og_description":"(Srpski) Knjiga je najbolji \u010dovekov prijatelj, a knjige Tradicionalni recepti doma\u0107e srpske kuhinje je idealan poklon za Slavu, cenjenog poslovnog partnera, turistima, svakom ko je zainteresovan da \u010duje ne\u0161to novo o istoriji kulinarstva u Srbiji!","og_url":"https:\/\/tradicionalnirecepti.net\/buy-a-book-traditional-serbian-food-and-recipes\/","og_site_name":"Tradicionalni recepti doma\u0107e srpske kuhinje","article_modified_time":"2018-11-21T09:47:19+00:00","og_image":[{"url":"https:\/\/tradicionalnirecepti.net\/wp-content\/uploads\/2018\/11\/Tradicionalni-recepti-domace-srpske-kuhinje_104-105-300x200.jpg"}],"twitter_card":"summary_large_image","twitter_misc":{"\u041f\u0440\u043e\u0446\u0435\u045a\u0435\u043d\u043e \u0432\u0440\u0435\u043c\u0435 \u0447\u0438\u0442\u0430\u045a\u0430":"2 \u043c\u0438\u043d\u0443\u0442\u0430"},"schema":{"@context":"https:\/\/schema.org","@graph":[{"@type":"WebPage","@id":"https:\/\/tradicionalnirecepti.net\/buy-a-book-traditional-serbian-food-and-recipes\/","url":"https:\/\/tradicionalnirecepti.net\/buy-a-book-traditional-serbian-food-and-recipes\/","name":"Kupite knjigu Tradicionalni recepti doma\u0107e srpske kuhinje | Tradicionalni recepti doma\u0107e srpske kuhinje","isPartOf":{"@id":"http:\/\/tradicionalnirecepti.net\/#website"},"datePublished":"2018-11-21T09:24:05+00:00","dateModified":"2018-11-21T09:47:19+00:00","description":"(Srpski) Knjiga je najbolji \u010dovekov prijatelj, a knjige Tradicionalni recepti doma\u0107e srpske kuhinje je idealan poklon za Slavu, cenjenog poslovnog partnera, turistima, svakom ko je zainteresovan da \u010duje ne\u0161to novo o istoriji kulinarstva u Srbiji!","breadcrumb":{"@id":"https:\/\/tradicionalnirecepti.net\/buy-a-book-traditional-serbian-food-and-recipes\/#breadcrumb"},"inLanguage":"sr-RS","potentialAction":[{"@type":"ReadAction","target":["https:\/\/tradicionalnirecepti.net\/buy-a-book-traditional-serbian-food-and-recipes\/"]}]},{"@type":"BreadcrumbList","@id":"https:\/\/tradicionalnirecepti.net\/buy-a-book-traditional-serbian-food-and-recipes\/#breadcrumb","itemListElement":[{"@type":"ListItem","position":1,"name":"Home","item":"http:\/\/tradicionalnirecepti.net\/"},{"@type":"ListItem","position":2,"name":"Buy a book Traditional Serbian food and recipes"}]},{"@type":"WebSite","@id":"http:\/\/tradicionalnirecepti.net\/#website","url":"http:\/\/tradicionalnirecepti.net\/","name":"Tradicionalni recepti doma\u0107e srpske kuhinje","description":"Tradicionalni recepti doma\u0107e srpske kuhinje","potentialAction":[{"@type":"SearchAction","target":{"@type":"EntryPoint","urlTemplate":"http:\/\/tradicionalnirecepti.net\/?s={search_term_string}"},"query-input":"required name=search_term_string"}],"inLanguage":"sr-RS"}]}},"_links":{"self":[{"href":"https:\/\/tradicionalnirecepti.net\/rs\/wp-json\/wp\/v2\/pages\/1601","targetHints":{"allow":["GET"]}}],"collection":[{"href":"https:\/\/tradicionalnirecepti.net\/rs\/wp-json\/wp\/v2\/pages"}],"about":[{"href":"https:\/\/tradicionalnirecepti.net\/rs\/wp-json\/wp\/v2\/types\/page"}],"author":[{"embeddable":true,"href":"https:\/\/tradicionalnirecepti.net\/rs\/wp-json\/wp\/v2\/users\/1"}],"replies":[{"embeddable":true,"href":"https:\/\/tradicionalnirecepti.net\/rs\/wp-json\/wp\/v2\/comments?post=1601"}],"version-history":[{"count":8,"href":"https:\/\/tradicionalnirecepti.net\/rs\/wp-json\/wp\/v2\/pages\/1601\/revisions"}],"predecessor-version":[{"id":1616,"href":"https:\/\/tradicionalnirecepti.net\/rs\/wp-json\/wp\/v2\/pages\/1601\/revisions\/1616"}],"wp:attachment":[{"href":"https:\/\/tradicionalnirecepti.net\/rs\/wp-json\/wp\/v2\/media?parent=1601"}],"curies":[{"name":"wp","href":"https:\/\/api.w.org\/{rel}","templated":true}]}}